{"id":2794,"date":"2021-11-21T22:47:40","date_gmt":"2021-11-21T21:47:40","guid":{"rendered":"https:\/\/cygnebeton.com\/?page_id=2794"},"modified":"2021-11-21T22:48:52","modified_gmt":"2021-11-21T21:48:52","slug":"catalogs","status":"publish","type":"page","link":"https:\/\/cygnebeton.com\/en\/catalogs\/","title":{"rendered":"CATALOGS"},"content":{"rendered":"<div class=\"wpb-content-wrapper\"><p>[vc_row][vc_column][vc_custom_heading text=&#8221;Concrete furniture catalogs to download&#8221; font_container=&#8221;tag:h1|text_align:left&#8221; use_theme_fonts=&#8221;yes&#8221;][vc_separator color=&#8221;custom&#8221; align=&#8221;align_left&#8221; border_width=&#8221;4&#8243; el_width=&#8221;10&#8243; accent_color=&#8221;#fec902&#8243;][vc_column_text]<\/p>\n<h4>Concrete is calling you&#160;? Are you looking to embark on an original project that will bring elegance and refinement to a home or workplace, for yourself or as part of an interior design project&#160;? Fill out the fields below to receive our fine plumbing collection catalog, featuring basins, countertops and powder room pods, along with the color guide.<\/h4>\n<p>[\/vc_column_text][vc_empty_space][\/vc_column][\/vc_row][vc_row][vc_column]\n<div class=\"wpcf7 no-js\" id=\"wpcf7-f2811-o1\" lang=\"fr-CA\" dir=\"ltr\" data-wpcf7-id=\"2811\">\n<div class=\"screen-reader-response\"><p role=\"status\" aria-live=\"polite\" aria-atomic=\"true\"><\/p> <ul><\/ul><\/div>\n<form action=\"\/en\/wp-json\/wp\/v2\/pages\/2794#wpcf7-f2811-o1\" method=\"post\" class=\"wpcf7-form init\" aria-label=\"Contact form\" novalidate=\"novalidate\" data-status=\"init\">\n<fieldset class=\"hidden-fields-container\"><input type=\"hidden\" name=\"_wpcf7\" value=\"2811\" \/><input type=\"hidden\" name=\"_wpcf7_version\" value=\"6.1.5\" \/><input type=\"hidden\" name=\"_wpcf7_locale\" value=\"fr_CA\" \/><input type=\"hidden\" name=\"_wpcf7_unit_tag\" value=\"wpcf7-f2811-o1\" \/><input type=\"hidden\" name=\"_wpcf7_container_post\" value=\"0\" \/><input type=\"hidden\" name=\"_wpcf7_posted_data_hash\" value=\"\" \/><input type=\"hidden\" name=\"_wpcf7_recaptcha_response\" value=\"\" \/>\n<\/fieldset>\n<p><label> First name*<br \/>\n<span class=\"wpcf7-form-control-wrap\" data-name=\"first-name\"><input size=\"40\" maxlength=\"400\" class=\"wpcf7-form-control wpcf7-text wpcf7-validates-as-required\" aria-required=\"true\" aria-invalid=\"false\" value=\"\" type=\"text\" name=\"first-name\" \/><\/span> <\/label>\n<\/p>\n<p><label> Last name*<br \/>\n<span class=\"wpcf7-form-control-wrap\" data-name=\"your-name\"><input size=\"40\" maxlength=\"400\" class=\"wpcf7-form-control wpcf7-text wpcf7-validates-as-required\" aria-required=\"true\" aria-invalid=\"false\" value=\"\" type=\"text\" name=\"your-name\" \/><\/span> <\/label>\n<\/p>\n<p><label> Company<br \/>\n<span class=\"wpcf7-form-control-wrap\" data-name=\"business\"><input size=\"40\" maxlength=\"400\" class=\"wpcf7-form-control wpcf7-text\" aria-invalid=\"false\" value=\"\" type=\"text\" name=\"business\" \/><\/span> <\/label>\n<\/p>\n<p><label> Email*<br \/>\n<span class=\"wpcf7-form-control-wrap\" data-name=\"your-email\"><input size=\"40\" maxlength=\"400\" class=\"wpcf7-form-control wpcf7-email wpcf7-validates-as-required wpcf7-text wpcf7-validates-as-email\" aria-required=\"true\" aria-invalid=\"false\" value=\"\" type=\"email\" name=\"your-email\" \/><\/span> <\/label>\n<\/p>\n<p><span class=\"wpcf7-form-control-wrap\" data-name=\"checkbox-791\"><span class=\"wpcf7-form-control wpcf7-checkbox\"><span class=\"wpcf7-list-item first last\"><label><input type=\"checkbox\" name=\"checkbox-791[]\" value=\"Subscribe to the newsletter\" checked=\"checked\" \/><span class=\"wpcf7-list-item-label\">Subscribe to the newsletter<\/span><\/label><\/span><\/span><\/span>\n<\/p>\n<p><input class=\"wpcf7-form-control wpcf7-submit has-spinner\" type=\"submit\" value=\"Send\" \/>\n<\/p>\n<p>* Required fields\n<\/p><div class=\"wpcf7-response-output\" aria-hidden=\"true\"><\/div>\n<\/form>\n<\/div>\n[\/vc_column][\/vc_row]<\/p>\n<\/div>","protected":false},"excerpt":{"rendered":"<p>[vc_row][vc_column][vc_custom_heading text=&#8221;Concrete furniture catalogs to download&#8221; font_container=&#8221;tag:h1|text_align:left&#8221; use_theme_fonts=&#8221;yes&#8221;][vc_separator color=&#8221;custom&#8221; align=&#8221;align_left&#8221; border_width=&#8221;4&#8243; el_width=&#8221;10&#8243; accent_color=&#8221;#fec902&#8243;][vc_column_text] Concrete is calling you&#160;? Are you looking to embark on an original project that will bring elegance and refinement to a home or workplace, for yourself or as part of an interior design project&#160;? Fill out the fields below to receive our&hellip;<\/p>\n","protected":false},"author":1,"featured_media":0,"parent":0,"menu_order":0,"comment_status":"closed","ping_status":"closed","template":"","meta":{"_monsterinsights_skip_tracking":false,"_monsterinsights_sitenote_active":false,"_monsterinsights_sitenote_note":"","_monsterinsights_sitenote_category":0,"footnotes":""},"class_list":["post-2794","page","type-page","status-publish","hentry","description-off"],"yoast_head":"<!-- This site is optimized with the Yoast SEO plugin v27.5 - https:\/\/yoast.com\/product\/yoast-seo-wordpress\/ -->\n<title>Cygne B\u00e9ton Designer Catalog Design Original Creations<\/title>\n<meta name=\"description\" content=\"D\u00e9couvrez les r\u00e9alisations de Cygne B\u00e9ton : des meubles en b\u00e9ton pour assouvir les id\u00e9es cr\u00e9atrices des designers qui r\u00e9pondent aux tendances du design.\" \/>\n<meta name=\"robots\" content=\"index, follow, max-snippet:-1, max-image-preview:large, max-video-preview:-1\" \/>\n<link rel=\"canonical\" href=\"https:\/\/cygnebeton.com\/en\/catalogs\/\" \/>\n<meta property=\"og:locale\" content=\"en_US\" \/>\n<meta property=\"og:type\" content=\"article\" \/>\n<meta property=\"og:title\" content=\"Cygne B\u00e9ton Designer Catalog Design Original Creations\" \/>\n<meta property=\"og:description\" content=\"D\u00e9couvrez les r\u00e9alisations de Cygne B\u00e9ton : des meubles en b\u00e9ton pour assouvir les id\u00e9es cr\u00e9atrices des designers qui r\u00e9pondent aux tendances du design.\" \/>\n<meta property=\"og:url\" content=\"https:\/\/cygnebeton.com\/en\/catalogs\/\" \/>\n<meta property=\"og:site_name\" content=\"Cygne B\u00e9ton\" \/>\n<meta property=\"article:modified_time\" content=\"2021-11-21T21:48:52+00:00\" \/>\n<meta name=\"twitter:card\" content=\"summary_large_image\" \/>\n<meta name=\"twitter:label1\" content=\"Est. reading time\" \/>\n\t<meta name=\"twitter:data1\" content=\"1 minute\" \/>\n<script type=\"application\/ld+json\" class=\"yoast-schema-graph\">{\"@context\":\"https:\\\/\\\/schema.org\",\"@graph\":[{\"@type\":\"WebPage\",\"@id\":\"https:\\\/\\\/cygnebeton.com\\\/en\\\/catalogs\\\/\",\"url\":\"https:\\\/\\\/cygnebeton.com\\\/en\\\/catalogs\\\/\",\"name\":\"Cygne B\u00e9ton Designer Catalog Design Original Creations\",\"isPartOf\":{\"@id\":\"https:\\\/\\\/cygnebeton.com\\\/#website\"},\"datePublished\":\"2021-11-21T21:47:40+00:00\",\"dateModified\":\"2021-11-21T21:48:52+00:00\",\"description\":\"D\u00e9couvrez les r\u00e9alisations de Cygne B\u00e9ton : des meubles en b\u00e9ton pour assouvir les id\u00e9es cr\u00e9atrices des designers qui r\u00e9pondent aux tendances du design.\",\"breadcrumb\":{\"@id\":\"https:\\\/\\\/cygnebeton.com\\\/en\\\/catalogs\\\/#breadcrumb\"},\"inLanguage\":\"en-US\",\"potentialAction\":[{\"@type\":\"ReadAction\",\"target\":[\"https:\\\/\\\/cygnebeton.com\\\/en\\\/catalogs\\\/\"]}]},{\"@type\":\"BreadcrumbList\",\"@id\":\"https:\\\/\\\/cygnebeton.com\\\/en\\\/catalogs\\\/#breadcrumb\",\"itemListElement\":[{\"@type\":\"ListItem\",\"position\":1,\"name\":\"Accueil\",\"item\":\"https:\\\/\\\/cygnebeton.com\\\/en\\\/home\\\/\"},{\"@type\":\"ListItem\",\"position\":2,\"name\":\"CATALOGS\"}]},{\"@type\":\"WebSite\",\"@id\":\"https:\\\/\\\/cygnebeton.com\\\/#website\",\"url\":\"https:\\\/\\\/cygnebeton.com\\\/\",\"name\":\"Cygne B\u00e9ton\",\"description\":\"[wpml_language language=&quot;en&quot;]Naturally elegant[\\\/wpml_language]  [wpml_language language=&quot;fr&quot;]Naturellement \u00e9l\u00e9gant1 [\\\/wpml_language]\",\"potentialAction\":[{\"@type\":\"SearchAction\",\"target\":{\"@type\":\"EntryPoint\",\"urlTemplate\":\"https:\\\/\\\/cygnebeton.com\\\/?s={search_term_string}\"},\"query-input\":{\"@type\":\"PropertyValueSpecification\",\"valueRequired\":true,\"valueName\":\"search_term_string\"}}],\"inLanguage\":\"en-US\"}]}<\/script>\n<!-- \/ Yoast SEO plugin. -->","yoast_head_json":{"title":"Cygne B\u00e9ton Designer Catalog Design Original Creations","description":"D\u00e9couvrez les r\u00e9alisations de Cygne B\u00e9ton : des meubles en b\u00e9ton pour assouvir les id\u00e9es cr\u00e9atrices des designers qui r\u00e9pondent aux tendances du design.","robots":{"index":"index","follow":"follow","max-snippet":"max-snippet:-1","max-image-preview":"max-image-preview:large","max-video-preview":"max-video-preview:-1"},"canonical":"https:\/\/cygnebeton.com\/en\/catalogs\/","og_locale":"en_US","og_type":"article","og_title":"Cygne B\u00e9ton Designer Catalog Design Original Creations","og_description":"D\u00e9couvrez les r\u00e9alisations de Cygne B\u00e9ton : des meubles en b\u00e9ton pour assouvir les id\u00e9es cr\u00e9atrices des designers qui r\u00e9pondent aux tendances du design.","og_url":"https:\/\/cygnebeton.com\/en\/catalogs\/","og_site_name":"Cygne B\u00e9ton","article_modified_time":"2021-11-21T21:48:52+00:00","twitter_card":"summary_large_image","twitter_misc":{"Est. reading time":"1 minute"},"schema":{"@context":"https:\/\/schema.org","@graph":[{"@type":"WebPage","@id":"https:\/\/cygnebeton.com\/en\/catalogs\/","url":"https:\/\/cygnebeton.com\/en\/catalogs\/","name":"Cygne B\u00e9ton Designer Catalog Design Original Creations","isPartOf":{"@id":"https:\/\/cygnebeton.com\/#website"},"datePublished":"2021-11-21T21:47:40+00:00","dateModified":"2021-11-21T21:48:52+00:00","description":"D\u00e9couvrez les r\u00e9alisations de Cygne B\u00e9ton : des meubles en b\u00e9ton pour assouvir les id\u00e9es cr\u00e9atrices des designers qui r\u00e9pondent aux tendances du design.","breadcrumb":{"@id":"https:\/\/cygnebeton.com\/en\/catalogs\/#breadcrumb"},"inLanguage":"en-US","potentialAction":[{"@type":"ReadAction","target":["https:\/\/cygnebeton.com\/en\/catalogs\/"]}]},{"@type":"BreadcrumbList","@id":"https:\/\/cygnebeton.com\/en\/catalogs\/#breadcrumb","itemListElement":[{"@type":"ListItem","position":1,"name":"Accueil","item":"https:\/\/cygnebeton.com\/en\/home\/"},{"@type":"ListItem","position":2,"name":"CATALOGS"}]},{"@type":"WebSite","@id":"https:\/\/cygnebeton.com\/#website","url":"https:\/\/cygnebeton.com\/","name":"Cygne B\u00e9ton","description":"[wpml_language language=&quot;en&quot;]Naturally elegant[\/wpml_language]  [wpml_language language=&quot;fr&quot;]Naturellement \u00e9l\u00e9gant1 [\/wpml_language]","potentialAction":[{"@type":"SearchAction","target":{"@type":"EntryPoint","urlTemplate":"https:\/\/cygnebeton.com\/?s={search_term_string}"},"query-input":{"@type":"PropertyValueSpecification","valueRequired":true,"valueName":"search_term_string"}}],"inLanguage":"en-US"}]}},"_links":{"self":[{"href":"https:\/\/cygnebeton.com\/en\/wp-json\/wp\/v2\/pages\/2794","targetHints":{"allow":["GET"]}}],"collection":[{"href":"https:\/\/cygnebeton.com\/en\/wp-json\/wp\/v2\/pages"}],"about":[{"href":"https:\/\/cygnebeton.com\/en\/wp-json\/wp\/v2\/types\/page"}],"author":[{"embeddable":true,"href":"https:\/\/cygnebeton.com\/en\/wp-json\/wp\/v2\/users\/1"}],"replies":[{"embeddable":true,"href":"https:\/\/cygnebeton.com\/en\/wp-json\/wp\/v2\/comments?post=2794"}],"version-history":[{"count":1,"href":"https:\/\/cygnebeton.com\/en\/wp-json\/wp\/v2\/pages\/2794\/revisions"}],"predecessor-version":[{"id":2812,"href":"https:\/\/cygnebeton.com\/en\/wp-json\/wp\/v2\/pages\/2794\/revisions\/2812"}],"wp:attachment":[{"href":"https:\/\/cygnebeton.com\/en\/wp-json\/wp\/v2\/media?parent=2794"}],"curies":[{"name":"wp","href":"https:\/\/api.w.org\/{rel}","templated":true}]}}