{"id":1240,"date":"2017-08-08T16:44:36","date_gmt":"2017-08-08T15:44:36","guid":{"rendered":"http:\/\/cygnebeton.com\/services\/"},"modified":"2021-11-09T17:36:09","modified_gmt":"2021-11-09T16:36:09","slug":"services","status":"publish","type":"page","link":"https:\/\/cygnebeton.com\/en\/products\/services\/","title":{"rendered":"MANUFACTURING STEPS"},"content":{"rendered":"<div class=\"wpb-content-wrapper\"><p>[vc_row][vc_column][vc_custom_heading text=&#8221;From the design to the installation of your concrete furniture&#8221; font_container=&#8221;tag:h1|text_align:left&#8221; use_theme_fonts=&#8221;yes&#8221;][vc_separator color=&#8221;custom&#8221; align=&#8221;align_left&#8221; border_width=&#8221;4&#8243; el_width=&#8221;10&#8243; accent_color=&#8221;#fec902&#8243;][vc_column_text]<\/p>\n<h4>Cygne B\u00e9ton accompanies you in the realization of your concrete project through a turnkey service, from its design to its installation. Handling concrete requires extensive knowledge and experience that our <a href=\"http:\/\/cygnebeton.com\/about-us\/?lang=en\">team<\/a> has acquired over the years. Passionate about this beautiful and durable material, she constantly pushes the limits to offer you<a href=\"http:\/\/cygnebeton.com\/achievements\/?lang=en\"> achievements<\/a> unique high quality. Concrete has many possibilities, both through its color that can be declined to infinity and through its association with other materials. We will be happy to help you satisfy your creative ideas.<\/h4>\n<p>[\/vc_column_text][vc_empty_space][\/vc_column][\/vc_row][vc_row][vc_column][vc_custom_heading text=&#8221;Concrete furniture design&#8221; use_theme_fonts=&#8221;yes&#8221;][vc_column_text]Whether it&#8217;s for a kitchen counter or concrete vanity, a shower, a sink or any other project, Cygne B\u00e9ton puts its creativity to work to direct you to a <a href=\"http:\/\/cygnebeton.com\/products\/?lang=en\">products<\/a> that looks like you. Often unknown, the effects of the finish of the concrete are infinite&#160;: coloring of the concrete, modeling of recessed or relief motifs, inlay of other materials (wood, metal, glass, optical fibers, shells &#8230;), creation of plays of light and , even, reproduction of images on the surface. We collaborate with craftsmen working on complementary materials and do not hesitate to call on partners such as engineers or designers when necessary. We meet you to define your needs.[\/vc_column_text][\/vc_column][\/vc_row][vc_row][vc_column][vc_custom_heading text=&#8221;Handcrafted for custom concrete furniture&#8221; use_theme_fonts=&#8221;yes&#8221;][vc_column_text]Cygne B\u00e9ton manufactures concrete furniture in a traditional way, from a proven recipe that is adapted to the use of each project. Our mastery of the manufacturing process makes it possible to offer customized, durable and resistant products. Tests are made on a sample basis to ensure quality. We integrate eco-friendly materials into our recipe and do business with local suppliers.[\/vc_column_text][\/vc_column][\/vc_row][vc_row][vc_column][vc_separator][\/vc_column][\/vc_row][vc_row][vc_column][vc_row_inner][vc_column_inner width=&#8221;1\/6&#8243;][vc_single_image image=&#8221;617&#8243; img_size=&#8221;100X100&#8243; alignment=&#8221;center&#8221; css=&#8221;.vc_custom_1517331727236{padding-top: 10px !important;}&#8221;][\/vc_column_inner][vc_column_inner width=&#8221;2\/3&#8243;][vc_custom_heading text=&#8221;01\/ Modeling&#8221; font_container=&#8221;tag:h3|text_align:left|color:%23404040&#8243; use_theme_fonts=&#8221;yes&#8221;][vc_column_text]Following the start-off meeting, we design a furniture template that will serve as a reference for the following steps. For example in the case of a pre-existing counter, measurements will be made on site to establish a template that perfectly matches the shapes of the place where the piece will be deposited. In the case of a new realization, we will base ourselves on a plan realized by a designer.[\/vc_column_text][\/vc_column_inner][vc_column_inner width=&#8221;1\/6&#8243;][\/vc_column_inner][\/vc_row_inner][\/vc_column][\/vc_row][vc_row][vc_column][vc_separator][\/vc_column][\/vc_row][vc_row][vc_column][vc_row_inner][vc_column_inner width=&#8221;1\/6&#8243; css=&#8221;.vc_custom_1513264284313{margin-top: 28px !important;margin-bottom: 16px !important;}&#8221;][\/vc_column_inner][vc_column_inner width=&#8221;2\/3&#8243;][vc_custom_heading text=&#8221;02\/ Manufacturing of the mold&#8221; font_container=&#8221;tag:h3|text_align:right|color:%23404040&#8243; use_theme_fonts=&#8221;yes&#8221;][vc_column_text]<\/p>\n<p style=\"text-align: right;\">In the case of on-site fabrication, a formwork serving as a mold will be made from the template. Otherwise, the plan measurements given by the designer are used to build the mold.<\/p>\n<p>&nbsp;<\/p>\n<p style=\"text-align: right;\"><em>It is at this stage that the other materials are inlaid or the patterns are patterned.<\/em><\/p>\n<p>[\/vc_column_text][\/vc_column_inner][vc_column_inner width=&#8221;1\/6&#8243;][vc_single_image image=&#8221;618&#8243; img_size=&#8221;100X100&#8243; alignment=&#8221;center&#8221; css=&#8221;.vc_custom_1517331789854{padding-top: 10px !important;}&#8221;][\/vc_column_inner][\/vc_row_inner][\/vc_column][\/vc_row][vc_row][vc_column][vc_separator][\/vc_column][\/vc_row][vc_row][vc_column][vc_row_inner][vc_column_inner width=&#8221;1\/6&#8243; css=&#8221;.vc_custom_1513264284313{margin-top: 28px !important;margin-bottom: 16px !important;}&#8221;][vc_single_image image=&#8221;619&#8243; img_size=&#8221;100X100&#8243; alignment=&#8221;center&#8221; css=&#8221;.vc_custom_1517331928141{padding-top: 10px !important;}&#8221;][\/vc_column_inner][vc_column_inner width=&#8221;2\/3&#8243;][vc_custom_heading text=&#8221;03\/ Concrete pouring&#8221; font_container=&#8221;tag:h3|text_align:left|color:%23404040&#8243; use_theme_fonts=&#8221;yes&#8221;][vc_column_text]Concrete results from the combination of cement, water, air, fine aggregate and coarse aggregate. For each project, we prepare a specific recipe that ensures the strength and impermeability of the concrete. 20&#160;% of cement is replaced by fiberglass &#8211; a product manufactured by <a href=\"http:\/\/verrox.ca\/\">Verrox<\/a>\u00a0in Quebec &#8211; which contributes, among other things, to the reduction of greenhouse gases and increases flexibility and the strength of the concrete. Pouring concrete into the mold is done in several layers.<\/p>\n<p>There are different casting methods depending on the desired texture and rendering&#160;:<\/p>\n<p>&#8211; Rifle spraying&#160;: for a modern look<\/p>\n<p>&#8211; Casting by hand&#160;: for an artistic rendering<\/p>\n<p>&#8211; Compacting and placement&#160;: for a classic finish<\/p>\n<p>&nbsp;<\/p>\n<p><em>This is where the color is inserted.<\/em>[\/vc_column_text][\/vc_column_inner][vc_column_inner width=&#8221;1\/6&#8243;][\/vc_column_inner][\/vc_row_inner][\/vc_column][\/vc_row][vc_row][vc_column][vc_separator][\/vc_column][\/vc_row][vc_row][vc_column][vc_row_inner][vc_column_inner width=&#8221;1\/6&#8243; css=&#8221;.vc_custom_1513264284313{margin-top: 28px !important;margin-bottom: 16px !important;}&#8221;][\/vc_column_inner][vc_column_inner width=&#8221;2\/3&#8243;][vc_custom_heading text=&#8221;04\/ Sandblasting and grout&#8221; font_container=&#8221;tag:h3|text_align:right|color:%23404040&#8243; use_theme_fonts=&#8221;yes&#8221;][vc_column_text]<\/p>\n<p style=\"text-align: right;\">After the concrete has cured through controlled evaporation of moisture, the mold is demolded. The resulting piece is then sanded. Air bubbles inevitably appear that must then be closed with a grout, which requires several manipulations before obtaining the desired final result. Finally, a last light sanding allows to unify the surface.<\/p>\n<p>&nbsp;<\/p>\n<p style=\"text-align: right;\"><em>At this step the stones can be left visible or light effect and image reproduction can be made on its surface.<\/em><\/p>\n<p>[\/vc_column_text][\/vc_column_inner][vc_column_inner width=&#8221;1\/6&#8243;][vc_single_image image=&#8221;620&#8243; img_size=&#8221;100X100&#8243; alignment=&#8221;center&#8221; css=&#8221;.vc_custom_1517331951339{padding-top: 10px !important;}&#8221;][\/vc_column_inner][\/vc_row_inner][\/vc_column][\/vc_row][vc_row][vc_column][vc_separator][\/vc_column][\/vc_row][vc_row][vc_column][vc_row_inner][vc_column_inner width=&#8221;1\/6&#8243; css=&#8221;.vc_custom_1513264284313{margin-top: 28px !important;margin-bottom: 16px !important;}&#8221;][vc_single_image image=&#8221;621&#8243; img_size=&#8221;100X100&#8243; alignment=&#8221;center&#8221; css=&#8221;.vc_custom_1517332042498{padding-top: 10px !important;}&#8221;][\/vc_column_inner][vc_column_inner width=&#8221;2\/3&#8243;][vc_custom_heading text=&#8221;05\/ Finish&#8221; font_container=&#8221;tag:h3|text_align:left|color:%23404040&#8243; use_theme_fonts=&#8221;yes&#8221;][vc_column_text]Finally, the piece obtained is sanded to soften the surface and have a perfectly smooth rendering. A cleaning is then carried out to remove any remaining residue and an ecological sealant is applied to definitively solve any hygiene problem.<\/p>\n<p>There are two types of sealer&#160;:<\/p>\n<p>&#8211; Penetrating sealant&#160;: reinforces concrete, resists heat and marks, but does not protect against liquids (ideal for fireplace mantels for example)<\/p>\n<p>&#8211; Sealer coating&#160;: covers the concrete, reinforces the impermeability (ideal for kitchens for example)<\/p>\n<p>If the manufacturing was done on site, the part is ready to be used after 48 hours of drying.<\/p>\n<p>&nbsp;<\/p>\n<p><em>For a shower base, a coating sealer will be applied. It is in the concrete recipe that the amount of an ingredient increasing the impermeability will be doubled.<\/em>[\/vc_column_text][\/vc_column_inner][vc_column_inner width=&#8221;1\/6&#8243;][\/vc_column_inner][\/vc_row_inner][\/vc_column][\/vc_row][vc_row][vc_column][vc_separator][\/vc_column][\/vc_row][vc_row][vc_column width=&#8221;2\/3&#8243;][vc_custom_heading text=&#8221;Delivery&#8221; use_theme_fonts=&#8221;yes&#8221;][vc_column_text]In the case of a realization made in workshop, we deliver the product and we take care of its installation. Before using your kitchen or vanity countertop, your shower, sink or any other creation, we take the time to explain how to use and maintain your unique piece.[\/vc_column_text][\/vc_column][vc_column width=&#8221;1\/3&#8243;][vc_single_image image=&#8221;837&#8243; img_size=&#8221;full&#8221;][\/vc_column][\/vc_row][vc_row equal_height=&#8221;yes&#8221; content_placement=&#8221;middle&#8221; css=&#8221;.vc_custom_1517929159586{background-color: #e2e2e2 !important;}&#8221;][vc_column][vc_custom_heading text=&#8221;After sales service&#8221; use_theme_fonts=&#8221;yes&#8221;][vc_column_text]The creations of Cygne B\u00e9ton are covered by a <a href=\"https:\/\/cygnebeton.com\/en\/?page_id=1274\">one-year warranty<\/a> from the date of delivery. This includes the application of an additional sealant if this proves necessary. The satisfaction of our customers is important, we remain at your disposal&#160;![\/vc_column_text][\/vc_column][\/vc_row]<\/p>\n<\/div>","protected":false},"excerpt":{"rendered":"<p>[vc_row][vc_column][vc_custom_heading text=&#8221;From the design to the installation of your concrete furniture&#8221; font_container=&#8221;tag:h1|text_align:left&#8221; use_theme_fonts=&#8221;yes&#8221;][vc_separator color=&#8221;custom&#8221; align=&#8221;align_left&#8221; border_width=&#8221;4&#8243; el_width=&#8221;10&#8243; accent_color=&#8221;#fec902&#8243;][vc_column_text] Cygne B\u00e9ton accompanies you in the realization of your concrete project through a turnkey service, from its design to its installation. Handling concrete requires extensive knowledge and experience that our team has acquired over the years. Passionate&hellip;<\/p>\n","protected":false},"author":1,"featured_media":0,"parent":1228,"menu_order":0,"comment_status":"closed","ping_status":"closed","template":"","meta":{"_monsterinsights_skip_tracking":false,"_monsterinsights_sitenote_active":false,"_monsterinsights_sitenote_note":"","_monsterinsights_sitenote_category":0,"footnotes":""},"class_list":["post-1240","page","type-page","status-publish","hentry","description-off"],"yoast_head":"<!-- This site is optimized with the Yoast SEO plugin v27.4 - https:\/\/yoast.com\/product\/yoast-seo-wordpress\/ -->\n<title>Comptoir cuisine Douche Vanit\u00e9 en b\u00e9ton Cygne B\u00e9ton<\/title>\n<meta name=\"description\" content=\"Cygne B\u00e9ton con\u00e7oit des meubles en b\u00e9ton sur mesure pour la cuisine, la salle de bain (vanit\u00e9, douche, lavabo\u2026) et tout autre projet.\" \/>\n<meta name=\"robots\" content=\"index, follow, max-snippet:-1, max-image-preview:large, max-video-preview:-1\" \/>\n<link rel=\"canonical\" href=\"https:\/\/cygnebeton.com\/en\/products\/services\/\" \/>\n<meta property=\"og:locale\" content=\"en_US\" \/>\n<meta property=\"og:type\" content=\"article\" \/>\n<meta property=\"og:title\" content=\"Comptoir cuisine Douche Vanit\u00e9 en b\u00e9ton Cygne B\u00e9ton\" \/>\n<meta property=\"og:description\" content=\"Cygne B\u00e9ton con\u00e7oit des meubles en b\u00e9ton sur mesure pour la cuisine, la salle de bain (vanit\u00e9, douche, lavabo\u2026) et tout autre projet.\" \/>\n<meta property=\"og:url\" content=\"https:\/\/cygnebeton.com\/en\/products\/services\/\" \/>\n<meta property=\"og:site_name\" content=\"Cygne B\u00e9ton\" \/>\n<meta property=\"article:modified_time\" content=\"2021-11-09T16:36:09+00:00\" \/>\n<meta name=\"twitter:card\" content=\"summary_large_image\" \/>\n<meta name=\"twitter:label1\" content=\"Est. reading time\" \/>\n\t<meta name=\"twitter:data1\" content=\"7 minutes\" \/>\n<script type=\"application\/ld+json\" class=\"yoast-schema-graph\">{\"@context\":\"https:\\\/\\\/schema.org\",\"@graph\":[{\"@type\":\"WebPage\",\"@id\":\"https:\\\/\\\/cygnebeton.com\\\/en\\\/products\\\/services\\\/\",\"url\":\"https:\\\/\\\/cygnebeton.com\\\/en\\\/products\\\/services\\\/\",\"name\":\"Comptoir cuisine Douche Vanit\u00e9 en b\u00e9ton Cygne B\u00e9ton\",\"isPartOf\":{\"@id\":\"https:\\\/\\\/cygnebeton.com\\\/#website\"},\"datePublished\":\"2017-08-08T15:44:36+00:00\",\"dateModified\":\"2021-11-09T16:36:09+00:00\",\"description\":\"Cygne B\u00e9ton con\u00e7oit des meubles en b\u00e9ton sur mesure pour la cuisine, la salle de bain (vanit\u00e9, douche, lavabo\u2026) et tout autre projet.\",\"breadcrumb\":{\"@id\":\"https:\\\/\\\/cygnebeton.com\\\/en\\\/products\\\/services\\\/#breadcrumb\"},\"inLanguage\":\"en-US\",\"potentialAction\":[{\"@type\":\"ReadAction\",\"target\":[\"https:\\\/\\\/cygnebeton.com\\\/en\\\/products\\\/services\\\/\"]}]},{\"@type\":\"BreadcrumbList\",\"@id\":\"https:\\\/\\\/cygnebeton.com\\\/en\\\/products\\\/services\\\/#breadcrumb\",\"itemListElement\":[{\"@type\":\"ListItem\",\"position\":1,\"name\":\"Accueil\",\"item\":\"https:\\\/\\\/cygnebeton.com\\\/en\\\/home\\\/\"},{\"@type\":\"ListItem\",\"position\":2,\"name\":\"CUSTOM-MADE\",\"item\":\"https:\\\/\\\/cygnebeton.com\\\/en\\\/products\\\/\"},{\"@type\":\"ListItem\",\"position\":3,\"name\":\"MANUFACTURING STEPS\"}]},{\"@type\":\"WebSite\",\"@id\":\"https:\\\/\\\/cygnebeton.com\\\/#website\",\"url\":\"https:\\\/\\\/cygnebeton.com\\\/\",\"name\":\"Cygne B\u00e9ton\",\"description\":\"[wpml_language language=&quot;en&quot;]Naturally elegant[\\\/wpml_language]  [wpml_language language=&quot;fr&quot;]Naturellement \u00e9l\u00e9gant1 [\\\/wpml_language]\",\"potentialAction\":[{\"@type\":\"SearchAction\",\"target\":{\"@type\":\"EntryPoint\",\"urlTemplate\":\"https:\\\/\\\/cygnebeton.com\\\/?s={search_term_string}\"},\"query-input\":{\"@type\":\"PropertyValueSpecification\",\"valueRequired\":true,\"valueName\":\"search_term_string\"}}],\"inLanguage\":\"en-US\"}]}<\/script>\n<!-- \/ Yoast SEO plugin. -->","yoast_head_json":{"title":"Comptoir cuisine Douche Vanit\u00e9 en b\u00e9ton Cygne B\u00e9ton","description":"Cygne B\u00e9ton con\u00e7oit des meubles en b\u00e9ton sur mesure pour la cuisine, la salle de bain (vanit\u00e9, douche, lavabo\u2026) et tout autre projet.","robots":{"index":"index","follow":"follow","max-snippet":"max-snippet:-1","max-image-preview":"max-image-preview:large","max-video-preview":"max-video-preview:-1"},"canonical":"https:\/\/cygnebeton.com\/en\/products\/services\/","og_locale":"en_US","og_type":"article","og_title":"Comptoir cuisine Douche Vanit\u00e9 en b\u00e9ton Cygne B\u00e9ton","og_description":"Cygne B\u00e9ton con\u00e7oit des meubles en b\u00e9ton sur mesure pour la cuisine, la salle de bain (vanit\u00e9, douche, lavabo\u2026) et tout autre projet.","og_url":"https:\/\/cygnebeton.com\/en\/products\/services\/","og_site_name":"Cygne B\u00e9ton","article_modified_time":"2021-11-09T16:36:09+00:00","twitter_card":"summary_large_image","twitter_misc":{"Est. reading time":"7 minutes"},"schema":{"@context":"https:\/\/schema.org","@graph":[{"@type":"WebPage","@id":"https:\/\/cygnebeton.com\/en\/products\/services\/","url":"https:\/\/cygnebeton.com\/en\/products\/services\/","name":"Comptoir cuisine Douche Vanit\u00e9 en b\u00e9ton Cygne B\u00e9ton","isPartOf":{"@id":"https:\/\/cygnebeton.com\/#website"},"datePublished":"2017-08-08T15:44:36+00:00","dateModified":"2021-11-09T16:36:09+00:00","description":"Cygne B\u00e9ton con\u00e7oit des meubles en b\u00e9ton sur mesure pour la cuisine, la salle de bain (vanit\u00e9, douche, lavabo\u2026) et tout autre projet.","breadcrumb":{"@id":"https:\/\/cygnebeton.com\/en\/products\/services\/#breadcrumb"},"inLanguage":"en-US","potentialAction":[{"@type":"ReadAction","target":["https:\/\/cygnebeton.com\/en\/products\/services\/"]}]},{"@type":"BreadcrumbList","@id":"https:\/\/cygnebeton.com\/en\/products\/services\/#breadcrumb","itemListElement":[{"@type":"ListItem","position":1,"name":"Accueil","item":"https:\/\/cygnebeton.com\/en\/home\/"},{"@type":"ListItem","position":2,"name":"CUSTOM-MADE","item":"https:\/\/cygnebeton.com\/en\/products\/"},{"@type":"ListItem","position":3,"name":"MANUFACTURING STEPS"}]},{"@type":"WebSite","@id":"https:\/\/cygnebeton.com\/#website","url":"https:\/\/cygnebeton.com\/","name":"Cygne B\u00e9ton","description":"[wpml_language language=&quot;en&quot;]Naturally elegant[\/wpml_language]  [wpml_language language=&quot;fr&quot;]Naturellement \u00e9l\u00e9gant1 [\/wpml_language]","potentialAction":[{"@type":"SearchAction","target":{"@type":"EntryPoint","urlTemplate":"https:\/\/cygnebeton.com\/?s={search_term_string}"},"query-input":{"@type":"PropertyValueSpecification","valueRequired":true,"valueName":"search_term_string"}}],"inLanguage":"en-US"}]}},"_links":{"self":[{"href":"https:\/\/cygnebeton.com\/en\/wp-json\/wp\/v2\/pages\/1240","targetHints":{"allow":["GET"]}}],"collection":[{"href":"https:\/\/cygnebeton.com\/en\/wp-json\/wp\/v2\/pages"}],"about":[{"href":"https:\/\/cygnebeton.com\/en\/wp-json\/wp\/v2\/types\/page"}],"author":[{"embeddable":true,"href":"https:\/\/cygnebeton.com\/en\/wp-json\/wp\/v2\/users\/1"}],"replies":[{"embeddable":true,"href":"https:\/\/cygnebeton.com\/en\/wp-json\/wp\/v2\/comments?post=1240"}],"version-history":[{"count":5,"href":"https:\/\/cygnebeton.com\/en\/wp-json\/wp\/v2\/pages\/1240\/revisions"}],"predecessor-version":[{"id":2689,"href":"https:\/\/cygnebeton.com\/en\/wp-json\/wp\/v2\/pages\/1240\/revisions\/2689"}],"up":[{"embeddable":true,"href":"https:\/\/cygnebeton.com\/en\/wp-json\/wp\/v2\/pages\/1228"}],"wp:attachment":[{"href":"https:\/\/cygnebeton.com\/en\/wp-json\/wp\/v2\/media?parent=1240"}],"curies":[{"name":"wp","href":"https:\/\/api.w.org\/{rel}","templated":true}]}}