{"id":1234,"date":"2017-08-08T17:01:06","date_gmt":"2017-08-08T16:01:06","guid":{"rendered":"http:\/\/cygnebeton.com\/products\/douches-vanites-et-lavabos\/"},"modified":"2018-11-06T19:37:01","modified_gmt":"2018-11-06T18:37:01","slug":"showers-vanities-and-sinks","status":"publish","type":"page","link":"https:\/\/cygnebeton.com\/en\/products\/showers-vanities-and-sinks\/","title":{"rendered":"Showers, vanities and sinks"},"content":{"rendered":"<div class=\"wpb-content-wrapper\"><p>[vc_row][vc_column][vc_custom_heading text=&#8221;Showers, vanities and concrete sinks&#8221; font_container=&#8221;tag:h1|text_align:left&#8221; use_theme_fonts=&#8221;yes&#8221;][vc_separator color=&#8221;custom&#8221; align=&#8221;align_left&#8221; border_width=&#8221;4&#8243; el_width=&#8221;10&#8243; accent_color=&#8221;#fec902&#8243;][vc_column_text]<\/p>\n<h4>Beyond kitchen counters, the <a href=\"http:\/\/cygnebeton.com\/services\/?lang=en\">services<\/a> of Cygne B\u00e9ton extend to the design and manufacture of furniture for the bathroom. On the lookout for new trends and a deep desire to be at the forefront, our <a href=\"http:\/\/cygnebeton.com\/about-us\/?lang=en\">team<\/a> pushes the boundaries of concrete to make unique bathroom projects. Here again, concrete offers the advantage of being a natural material that adapts to the desired forms because, unlike quartz or granite, it is poured. The possibilities are endless, both in terms of coloring and the modeling of the surface or its decoration. Associations with materials such as recycled glass and stainless steel offer a contemporary design. And the concrete is almost waterproof&#160;!<\/h4>\n<p>[\/vc_column_text][vc_empty_space][\/vc_column][\/vc_row][vc_row][vc_column width=&#8221;1\/3&#8243;][vc_custom_heading text=&#8221;Concrete showers&#8221; use_theme_fonts=&#8221;yes&#8221;][vc_column_text]What&#8217;s more elegant and refined than using concrete as a coating for the shower. Whether for a shower base or its walls, this durable and customizable material accentuates the beauty of your bathroom by giving it, according to your taste, a contemporary or classic style that will be distinguished for sure from what is offered on the market. The rendering may be uniform or reveal the veins of the concrete. It will also be possible to create shapes on the surface and to embed elements like stones that will bring out the raw and natural character of the concrete.[\/vc_column_text][\/vc_column][vc_column width=&#8221;1\/2&#8243;][vc_single_image image=&#8221;1082&#8243; img_size=&#8221;full&#8221;][\/vc_column][\/vc_row][vc_row][vc_column width=&#8221;1\/2&#8243;][vc_single_image image=&#8221;977&#8243; img_size=&#8221;full&#8221;][\/vc_column][vc_column width=&#8221;1\/3&#8243;][vc_custom_heading text=&#8221;Concrete vanity countertops&#8221; use_theme_fonts=&#8221;yes&#8221;][vc_column_text]As for kitchen countertops, those of bathroom vanities can either be refined and natural, or be personalized for a unique creation through the addition of decorative elements. Working in collaboration with Quebec craftsmen, we will not hesitate to associate concrete with other materials such as recycled glass and stainless steel for a surprising result. Material liquid in the manufacture, it melts to marry the desired forms. A play of light, an image reproduced or details inserted on the surface will bring a final touch of the most original.[\/vc_column_text][\/vc_column][\/vc_row][vc_row][vc_column width=&#8221;1\/3&#8243;][vc_custom_heading text=&#8221;Concrete sinks&#8221; use_theme_fonts=&#8221;yes&#8221;][vc_column_text]Used for sinks, concrete offers the advantage of being cast in the desired shape and size. From a simple vanity sink to a multi-purpose sink, anything is possible. Designed as a single piece, the sink will also include a countertop part, which will give it a resolutely modern and contemporary look. Here too, decorative elements can be integrated.[\/vc_column_text][\/vc_column][vc_column width=&#8221;1\/2&#8243;][vc_single_image image=&#8221;966&#8243; img_size=&#8221;full&#8221;][\/vc_column][\/vc_row][vc_row equal_height=&#8221;yes&#8221; content_placement=&#8221;middle&#8221; css=&#8221;.vc_custom_1517339884029{margin-bottom: 20px !important;}&#8221;][vc_column width=&#8221;1\/4&#8243;][vc_single_image image=&#8221;185&#8243; img_size=&#8221;full&#8221; style=&#8221;vc_box_circle_2&#8243;][\/vc_column][vc_column width=&#8221;3\/4&#8243;][vc_column_text]<em>The bathroom is an essential space. At home, family members spend time there. In the office, customers attend it for sure. Concrete creates a wow effect due to its current design and the warmth it gives. I like the encrustation of materials, such as recycled glass, stainless steel or stone, which allow to design an inspiring and personalized decoration that will provide rest and relaxation. Integrated in a shower base, a river of stones will give the impression of walking on the beach. <\/em>[\/vc_column_text][\/vc_column][\/vc_row]<\/p>\n<\/div>","protected":false},"excerpt":{"rendered":"<p>[vc_row][vc_column][vc_custom_heading text=&#8221;Showers, vanities and concrete sinks&#8221; font_container=&#8221;tag:h1|text_align:left&#8221; use_theme_fonts=&#8221;yes&#8221;][vc_separator color=&#8221;custom&#8221; align=&#8221;align_left&#8221; border_width=&#8221;4&#8243; el_width=&#8221;10&#8243; accent_color=&#8221;#fec902&#8243;][vc_column_text] Beyond kitchen counters, the services of Cygne B\u00e9ton extend to the design and manufacture of furniture for the bathroom. On the lookout for new trends and a deep desire to be at the forefront, our team pushes the boundaries of concrete to&hellip;<\/p>\n","protected":false},"author":1,"featured_media":0,"parent":1228,"menu_order":0,"comment_status":"closed","ping_status":"closed","template":"","meta":{"_monsterinsights_skip_tracking":false,"_monsterinsights_sitenote_active":false,"_monsterinsights_sitenote_note":"","_monsterinsights_sitenote_category":0,"footnotes":""},"class_list":["post-1234","page","type-page","status-publish","hentry","description-off"],"yoast_head":"<!-- This site is optimized with the Yoast SEO plugin v27.4 - https:\/\/yoast.com\/product\/yoast-seo-wordpress\/ -->\n<title>CYGNE B\u00c9TON I Salle de bain Vanit\u00e9 Comptoir Base de douche Lavabo<\/title>\n<meta name=\"description\" content=\"Cygne B\u00e9ton con\u00e7oit et fabrique des bases et murs de douche, des comptoirs de vanit\u00e9 et des lavabos en b\u00e9ton adapt\u00e9s \u00e0 votre salle de bain.\" \/>\n<meta name=\"robots\" content=\"index, follow, max-snippet:-1, max-image-preview:large, max-video-preview:-1\" \/>\n<link rel=\"canonical\" href=\"https:\/\/cygnebeton.com\/en\/products\/showers-vanities-and-sinks\/\" \/>\n<meta property=\"og:locale\" content=\"en_US\" \/>\n<meta property=\"og:type\" content=\"article\" \/>\n<meta property=\"og:title\" content=\"CYGNE B\u00c9TON I Salle de bain Vanit\u00e9 Comptoir Base de douche Lavabo\" \/>\n<meta property=\"og:description\" content=\"Cygne B\u00e9ton con\u00e7oit et fabrique des bases et murs de douche, des comptoirs de vanit\u00e9 et des lavabos en b\u00e9ton adapt\u00e9s \u00e0 votre salle de bain.\" \/>\n<meta property=\"og:url\" content=\"https:\/\/cygnebeton.com\/en\/products\/showers-vanities-and-sinks\/\" \/>\n<meta property=\"og:site_name\" content=\"Cygne B\u00e9ton\" \/>\n<meta property=\"article:modified_time\" content=\"2018-11-06T18:37:01+00:00\" \/>\n<meta name=\"twitter:card\" content=\"summary_large_image\" \/>\n<meta name=\"twitter:label1\" content=\"Est. reading time\" \/>\n\t<meta name=\"twitter:data1\" content=\"3 minutes\" \/>\n<script type=\"application\/ld+json\" class=\"yoast-schema-graph\">{\"@context\":\"https:\\\/\\\/schema.org\",\"@graph\":[{\"@type\":\"WebPage\",\"@id\":\"https:\\\/\\\/cygnebeton.com\\\/en\\\/products\\\/showers-vanities-and-sinks\\\/\",\"url\":\"https:\\\/\\\/cygnebeton.com\\\/en\\\/products\\\/showers-vanities-and-sinks\\\/\",\"name\":\"CYGNE B\u00c9TON I Salle de bain Vanit\u00e9 Comptoir Base de douche Lavabo\",\"isPartOf\":{\"@id\":\"https:\\\/\\\/cygnebeton.com\\\/#website\"},\"datePublished\":\"2017-08-08T16:01:06+00:00\",\"dateModified\":\"2018-11-06T18:37:01+00:00\",\"description\":\"Cygne B\u00e9ton con\u00e7oit et fabrique des bases et murs de douche, des comptoirs de vanit\u00e9 et des lavabos en b\u00e9ton adapt\u00e9s \u00e0 votre salle de bain.\",\"breadcrumb\":{\"@id\":\"https:\\\/\\\/cygnebeton.com\\\/en\\\/products\\\/showers-vanities-and-sinks\\\/#breadcrumb\"},\"inLanguage\":\"en-US\",\"potentialAction\":[{\"@type\":\"ReadAction\",\"target\":[\"https:\\\/\\\/cygnebeton.com\\\/en\\\/products\\\/showers-vanities-and-sinks\\\/\"]}]},{\"@type\":\"BreadcrumbList\",\"@id\":\"https:\\\/\\\/cygnebeton.com\\\/en\\\/products\\\/showers-vanities-and-sinks\\\/#breadcrumb\",\"itemListElement\":[{\"@type\":\"ListItem\",\"position\":1,\"name\":\"Accueil\",\"item\":\"https:\\\/\\\/cygnebeton.com\\\/en\\\/home\\\/\"},{\"@type\":\"ListItem\",\"position\":2,\"name\":\"CUSTOM-MADE\",\"item\":\"https:\\\/\\\/cygnebeton.com\\\/en\\\/products\\\/\"},{\"@type\":\"ListItem\",\"position\":3,\"name\":\"Showers, vanities and sinks\"}]},{\"@type\":\"WebSite\",\"@id\":\"https:\\\/\\\/cygnebeton.com\\\/#website\",\"url\":\"https:\\\/\\\/cygnebeton.com\\\/\",\"name\":\"Cygne B\u00e9ton\",\"description\":\"[wpml_language language=&quot;en&quot;]Naturally elegant[\\\/wpml_language]  [wpml_language language=&quot;fr&quot;]Naturellement \u00e9l\u00e9gant1 [\\\/wpml_language]\",\"potentialAction\":[{\"@type\":\"SearchAction\",\"target\":{\"@type\":\"EntryPoint\",\"urlTemplate\":\"https:\\\/\\\/cygnebeton.com\\\/?s={search_term_string}\"},\"query-input\":{\"@type\":\"PropertyValueSpecification\",\"valueRequired\":true,\"valueName\":\"search_term_string\"}}],\"inLanguage\":\"en-US\"}]}<\/script>\n<!-- \/ Yoast SEO plugin. -->","yoast_head_json":{"title":"CYGNE B\u00c9TON I Salle de bain Vanit\u00e9 Comptoir Base de douche Lavabo","description":"Cygne B\u00e9ton con\u00e7oit et fabrique des bases et murs de douche, des comptoirs de vanit\u00e9 et des lavabos en b\u00e9ton adapt\u00e9s \u00e0 votre salle de bain.","robots":{"index":"index","follow":"follow","max-snippet":"max-snippet:-1","max-image-preview":"max-image-preview:large","max-video-preview":"max-video-preview:-1"},"canonical":"https:\/\/cygnebeton.com\/en\/products\/showers-vanities-and-sinks\/","og_locale":"en_US","og_type":"article","og_title":"CYGNE B\u00c9TON I Salle de bain Vanit\u00e9 Comptoir Base de douche Lavabo","og_description":"Cygne B\u00e9ton con\u00e7oit et fabrique des bases et murs de douche, des comptoirs de vanit\u00e9 et des lavabos en b\u00e9ton adapt\u00e9s \u00e0 votre salle de bain.","og_url":"https:\/\/cygnebeton.com\/en\/products\/showers-vanities-and-sinks\/","og_site_name":"Cygne B\u00e9ton","article_modified_time":"2018-11-06T18:37:01+00:00","twitter_card":"summary_large_image","twitter_misc":{"Est. reading time":"3 minutes"},"schema":{"@context":"https:\/\/schema.org","@graph":[{"@type":"WebPage","@id":"https:\/\/cygnebeton.com\/en\/products\/showers-vanities-and-sinks\/","url":"https:\/\/cygnebeton.com\/en\/products\/showers-vanities-and-sinks\/","name":"CYGNE B\u00c9TON I Salle de bain Vanit\u00e9 Comptoir Base de douche Lavabo","isPartOf":{"@id":"https:\/\/cygnebeton.com\/#website"},"datePublished":"2017-08-08T16:01:06+00:00","dateModified":"2018-11-06T18:37:01+00:00","description":"Cygne B\u00e9ton con\u00e7oit et fabrique des bases et murs de douche, des comptoirs de vanit\u00e9 et des lavabos en b\u00e9ton adapt\u00e9s \u00e0 votre salle de bain.","breadcrumb":{"@id":"https:\/\/cygnebeton.com\/en\/products\/showers-vanities-and-sinks\/#breadcrumb"},"inLanguage":"en-US","potentialAction":[{"@type":"ReadAction","target":["https:\/\/cygnebeton.com\/en\/products\/showers-vanities-and-sinks\/"]}]},{"@type":"BreadcrumbList","@id":"https:\/\/cygnebeton.com\/en\/products\/showers-vanities-and-sinks\/#breadcrumb","itemListElement":[{"@type":"ListItem","position":1,"name":"Accueil","item":"https:\/\/cygnebeton.com\/en\/home\/"},{"@type":"ListItem","position":2,"name":"CUSTOM-MADE","item":"https:\/\/cygnebeton.com\/en\/products\/"},{"@type":"ListItem","position":3,"name":"Showers, vanities and sinks"}]},{"@type":"WebSite","@id":"https:\/\/cygnebeton.com\/#website","url":"https:\/\/cygnebeton.com\/","name":"Cygne B\u00e9ton","description":"[wpml_language language=&quot;en&quot;]Naturally elegant[\/wpml_language]  [wpml_language language=&quot;fr&quot;]Naturellement \u00e9l\u00e9gant1 [\/wpml_language]","potentialAction":[{"@type":"SearchAction","target":{"@type":"EntryPoint","urlTemplate":"https:\/\/cygnebeton.com\/?s={search_term_string}"},"query-input":{"@type":"PropertyValueSpecification","valueRequired":true,"valueName":"search_term_string"}}],"inLanguage":"en-US"}]}},"_links":{"self":[{"href":"https:\/\/cygnebeton.com\/en\/wp-json\/wp\/v2\/pages\/1234","targetHints":{"allow":["GET"]}}],"collection":[{"href":"https:\/\/cygnebeton.com\/en\/wp-json\/wp\/v2\/pages"}],"about":[{"href":"https:\/\/cygnebeton.com\/en\/wp-json\/wp\/v2\/types\/page"}],"author":[{"embeddable":true,"href":"https:\/\/cygnebeton.com\/en\/wp-json\/wp\/v2\/users\/1"}],"replies":[{"embeddable":true,"href":"https:\/\/cygnebeton.com\/en\/wp-json\/wp\/v2\/comments?post=1234"}],"version-history":[{"count":4,"href":"https:\/\/cygnebeton.com\/en\/wp-json\/wp\/v2\/pages\/1234\/revisions"}],"predecessor-version":[{"id":1281,"href":"https:\/\/cygnebeton.com\/en\/wp-json\/wp\/v2\/pages\/1234\/revisions\/1281"}],"up":[{"embeddable":true,"href":"https:\/\/cygnebeton.com\/en\/wp-json\/wp\/v2\/pages\/1228"}],"wp:attachment":[{"href":"https:\/\/cygnebeton.com\/en\/wp-json\/wp\/v2\/media?parent=1234"}],"curies":[{"name":"wp","href":"https:\/\/api.w.org\/{rel}","templated":true}]}}