{"id":1231,"date":"2017-08-08T17:00:01","date_gmt":"2017-08-08T16:00:01","guid":{"rendered":"http:\/\/cygnebeton.com\/products\/comptoirs-de-cuisine\/"},"modified":"2018-11-06T19:30:33","modified_gmt":"2018-11-06T18:30:33","slug":"kitchen-counters","status":"publish","type":"page","link":"https:\/\/cygnebeton.com\/en\/products\/kitchen-counters\/","title":{"rendered":"Kitchen counters"},"content":{"rendered":"<div class=\"wpb-content-wrapper\"><p>[vc_row][vc_column][vc_custom_heading text=&#8221;Concrete kitchen countertops&#8221; font_container=&#8221;tag:h1|text_align:left&#8221; use_theme_fonts=&#8221;yes&#8221;][vc_separator color=&#8221;custom&#8221; align=&#8221;align_left&#8221; border_width=&#8221;4&#8243; el_width=&#8221;10&#8243; accent_color=&#8221;#fec902&#8243;][vc_column_text]<\/p>\n<h4><a href=\"http:\/\/cygnebeton.com\/about-us\/?lang=en\">Cygne B\u00e9ton<\/a> stands out in the design and manufacture of concrete kitchen countertops through custom <a href=\"http:\/\/cygnebeton.com\/services\/?lang=en\">services<\/a>. Our fine knowledge of this material allows us to create unique works that stand out from traditional counters. High-end material, as well as granite and quartz, concrete offers the advantage of being poured into a formwork that conforms to the desired shapes. It can also be personalized through a judicious choice of color, an association chosen with noble materials (glass, stainless steel, wood &#8230;), the insertion of natural materials (shells, stones, pearls &#8230;), the creation of molded shapes or of light games and the reproduction of images on the surface.<\/h4>\n<p>[\/vc_column_text][vc_empty_space][\/vc_column][\/vc_row][vc_row][vc_column width=&#8221;1\/3&#8243;][vc_custom_heading text=&#8221;Natural concrete countertops&#8221; use_theme_fonts=&#8221;yes&#8221;][vc_column_text]<span lang=\"EN-US\">We manufacture custom kitchen countertops with clean design. Without adding decorative elements, they highlight the beauty and elegance of concrete. From a gray color for an industrial and contemporary style to an infinity of colors for a more classic and traditional style, we will guide you to the choice that suits you. It will be possible to create a uniform rendering or deliberately leave the imperfections of this raw material for an even more natural effect. Finally, you can opt for a matte or glossy ecological sealant depending on the desired finish.<\/span>[\/vc_column_text][\/vc_column][vc_column width=&#8221;1\/2&#8243;][vc_single_image image=&#8221;963&#8243; img_size=&#8221;full&#8221;][\/vc_column][\/vc_row][vc_row][vc_column width=&#8221;1\/2&#8243;][vc_single_image image=&#8221;939&#8243; img_size=&#8221;full&#8221;][\/vc_column][vc_column width=&#8221;1\/3&#8243;][vc_custom_heading text=&#8221;Custom concrete countertops&#8221; use_theme_fonts=&#8221;yes&#8221;][vc_column_text]<span lang=\"EN-US\">For the most daring looking for a trendy design or a unique piece, our craftsmen make concrete countertops that incorporate decorative elements. In addition to having a wide choice of colors, it will be possible to integrate other materials in the design of the countertop (glass, stainless steel, wood &#8230;). To add a touch of elegance and refinement, elements can be inserted&#160;: grains of marble or granite, shells, stones, pearls &#8230; or a relief or unusual shapes for a most astonishing effect. Finally, a matte or glossy ecological sealant is applied according to the desired finish.<\/span>[\/vc_column_text][\/vc_column][\/vc_row][vc_row][vc_column width=&#8221;1\/3&#8243;][vc_custom_heading text=&#8221;Concrete countertops with utility elements&#8221; use_theme_fonts=&#8221;yes&#8221;][vc_column_text]We are currently working with one of our partners to develop kitchen counters that incorporate a high-quality stainless steel sink that perfectly matches the desired design effects.[\/vc_column_text][\/vc_column][vc_column width=&#8221;1\/2&#8243;][vc_single_image image=&#8221;980&#8243; img_size=&#8221;full&#8221;][\/vc_column][\/vc_row][vc_row equal_height=&#8221;yes&#8221; content_placement=&#8221;middle&#8221; css=&#8221;.vc_custom_1517339516492{margin-bottom: 20px !important;}&#8221;][vc_column width=&#8221;1\/4&#8243;][vc_single_image image=&#8221;185&#8243; img_size=&#8221;full&#8221; style=&#8221;vc_box_circle_2&#8243;][\/vc_column][vc_column width=&#8221;3\/4&#8243;][vc_column_text]<em>In love with open and unobstructed spaces, I like the minimalist effect of a concrete kitchen countertop. Neutral in color, it helps highlight the decorative elements and highlights a color or natural materials already present in the room. It also brings warmth through its texture and movement created by its unique shape. The very nature of the material gives life to this convivial place, while harmonizing with a personalized decor.<\/em>[\/vc_column_text][\/vc_column][\/vc_row]<\/p>\n<\/div>","protected":false},"excerpt":{"rendered":"<p>[vc_row][vc_column][vc_custom_heading text=&#8221;Concrete kitchen countertops&#8221; font_container=&#8221;tag:h1|text_align:left&#8221; use_theme_fonts=&#8221;yes&#8221;][vc_separator color=&#8221;custom&#8221; align=&#8221;align_left&#8221; border_width=&#8221;4&#8243; el_width=&#8221;10&#8243; accent_color=&#8221;#fec902&#8243;][vc_column_text] Cygne B\u00e9ton stands out in the design and manufacture of concrete kitchen countertops through custom services. Our fine knowledge of this material allows us to create unique works that stand out from traditional counters. High-end material, as well as granite and quartz, concrete offers&hellip;<\/p>\n","protected":false},"author":1,"featured_media":0,"parent":1228,"menu_order":0,"comment_status":"closed","ping_status":"closed","template":"","meta":{"_monsterinsights_skip_tracking":false,"_monsterinsights_sitenote_active":false,"_monsterinsights_sitenote_note":"","_monsterinsights_sitenote_category":0,"footnotes":""},"class_list":["post-1231","page","type-page","status-publish","hentry","description-off"],"yoast_head":"<!-- This site is optimized with the Yoast SEO plugin v27.4 - https:\/\/yoast.com\/product\/yoast-seo-wordpress\/ -->\n<title>CYGNE B\u00c9TON I Comptoir de cuisine en b\u00e9ton Comptoir de b\u00e9ton<\/title>\n<meta name=\"description\" content=\"Cygne B\u00e9ton con\u00e7oit votre comptoir de cuisine en b\u00e9ton \u00e0 partir d\u2019une recette sp\u00e9cifique int\u00e9grant un ciment \u00e9cologique pour une r\u00e9alisation unique.\" \/>\n<meta name=\"robots\" content=\"index, follow, max-snippet:-1, max-image-preview:large, max-video-preview:-1\" \/>\n<link rel=\"canonical\" href=\"https:\/\/cygnebeton.com\/en\/products\/kitchen-counters\/\" \/>\n<meta property=\"og:locale\" content=\"en_US\" \/>\n<meta property=\"og:type\" content=\"article\" \/>\n<meta property=\"og:title\" content=\"CYGNE B\u00c9TON I Comptoir de cuisine en b\u00e9ton Comptoir de b\u00e9ton\" \/>\n<meta property=\"og:description\" content=\"Cygne B\u00e9ton con\u00e7oit votre comptoir de cuisine en b\u00e9ton \u00e0 partir d\u2019une recette sp\u00e9cifique int\u00e9grant un ciment \u00e9cologique pour une r\u00e9alisation unique.\" \/>\n<meta property=\"og:url\" content=\"https:\/\/cygnebeton.com\/en\/products\/kitchen-counters\/\" \/>\n<meta property=\"og:site_name\" content=\"Cygne B\u00e9ton\" \/>\n<meta property=\"article:modified_time\" content=\"2018-11-06T18:30:33+00:00\" \/>\n<meta name=\"twitter:card\" content=\"summary_large_image\" \/>\n<meta name=\"twitter:label1\" content=\"Est. reading time\" \/>\n\t<meta name=\"twitter:data1\" content=\"3 minutes\" \/>\n<script type=\"application\/ld+json\" class=\"yoast-schema-graph\">{\"@context\":\"https:\\\/\\\/schema.org\",\"@graph\":[{\"@type\":\"WebPage\",\"@id\":\"https:\\\/\\\/cygnebeton.com\\\/en\\\/products\\\/kitchen-counters\\\/\",\"url\":\"https:\\\/\\\/cygnebeton.com\\\/en\\\/products\\\/kitchen-counters\\\/\",\"name\":\"CYGNE B\u00c9TON I Comptoir de cuisine en b\u00e9ton Comptoir de b\u00e9ton\",\"isPartOf\":{\"@id\":\"https:\\\/\\\/cygnebeton.com\\\/#website\"},\"datePublished\":\"2017-08-08T16:00:01+00:00\",\"dateModified\":\"2018-11-06T18:30:33+00:00\",\"description\":\"Cygne B\u00e9ton con\u00e7oit votre comptoir de cuisine en b\u00e9ton \u00e0 partir d\u2019une recette sp\u00e9cifique int\u00e9grant un ciment \u00e9cologique pour une r\u00e9alisation unique.\",\"breadcrumb\":{\"@id\":\"https:\\\/\\\/cygnebeton.com\\\/en\\\/products\\\/kitchen-counters\\\/#breadcrumb\"},\"inLanguage\":\"en-US\",\"potentialAction\":[{\"@type\":\"ReadAction\",\"target\":[\"https:\\\/\\\/cygnebeton.com\\\/en\\\/products\\\/kitchen-counters\\\/\"]}]},{\"@type\":\"BreadcrumbList\",\"@id\":\"https:\\\/\\\/cygnebeton.com\\\/en\\\/products\\\/kitchen-counters\\\/#breadcrumb\",\"itemListElement\":[{\"@type\":\"ListItem\",\"position\":1,\"name\":\"Accueil\",\"item\":\"https:\\\/\\\/cygnebeton.com\\\/en\\\/home\\\/\"},{\"@type\":\"ListItem\",\"position\":2,\"name\":\"CUSTOM-MADE\",\"item\":\"https:\\\/\\\/cygnebeton.com\\\/en\\\/products\\\/\"},{\"@type\":\"ListItem\",\"position\":3,\"name\":\"Kitchen counters\"}]},{\"@type\":\"WebSite\",\"@id\":\"https:\\\/\\\/cygnebeton.com\\\/#website\",\"url\":\"https:\\\/\\\/cygnebeton.com\\\/\",\"name\":\"Cygne B\u00e9ton\",\"description\":\"[wpml_language language=&quot;en&quot;]Naturally elegant[\\\/wpml_language]  [wpml_language language=&quot;fr&quot;]Naturellement \u00e9l\u00e9gant1 [\\\/wpml_language]\",\"potentialAction\":[{\"@type\":\"SearchAction\",\"target\":{\"@type\":\"EntryPoint\",\"urlTemplate\":\"https:\\\/\\\/cygnebeton.com\\\/?s={search_term_string}\"},\"query-input\":{\"@type\":\"PropertyValueSpecification\",\"valueRequired\":true,\"valueName\":\"search_term_string\"}}],\"inLanguage\":\"en-US\"}]}<\/script>\n<!-- \/ Yoast SEO plugin. -->","yoast_head_json":{"title":"CYGNE B\u00c9TON I Comptoir de cuisine en b\u00e9ton Comptoir de b\u00e9ton","description":"Cygne B\u00e9ton con\u00e7oit votre comptoir de cuisine en b\u00e9ton \u00e0 partir d\u2019une recette sp\u00e9cifique int\u00e9grant un ciment \u00e9cologique pour une r\u00e9alisation unique.","robots":{"index":"index","follow":"follow","max-snippet":"max-snippet:-1","max-image-preview":"max-image-preview:large","max-video-preview":"max-video-preview:-1"},"canonical":"https:\/\/cygnebeton.com\/en\/products\/kitchen-counters\/","og_locale":"en_US","og_type":"article","og_title":"CYGNE B\u00c9TON I Comptoir de cuisine en b\u00e9ton Comptoir de b\u00e9ton","og_description":"Cygne B\u00e9ton con\u00e7oit votre comptoir de cuisine en b\u00e9ton \u00e0 partir d\u2019une recette sp\u00e9cifique int\u00e9grant un ciment \u00e9cologique pour une r\u00e9alisation unique.","og_url":"https:\/\/cygnebeton.com\/en\/products\/kitchen-counters\/","og_site_name":"Cygne B\u00e9ton","article_modified_time":"2018-11-06T18:30:33+00:00","twitter_card":"summary_large_image","twitter_misc":{"Est. reading time":"3 minutes"},"schema":{"@context":"https:\/\/schema.org","@graph":[{"@type":"WebPage","@id":"https:\/\/cygnebeton.com\/en\/products\/kitchen-counters\/","url":"https:\/\/cygnebeton.com\/en\/products\/kitchen-counters\/","name":"CYGNE B\u00c9TON I Comptoir de cuisine en b\u00e9ton Comptoir de b\u00e9ton","isPartOf":{"@id":"https:\/\/cygnebeton.com\/#website"},"datePublished":"2017-08-08T16:00:01+00:00","dateModified":"2018-11-06T18:30:33+00:00","description":"Cygne B\u00e9ton con\u00e7oit votre comptoir de cuisine en b\u00e9ton \u00e0 partir d\u2019une recette sp\u00e9cifique int\u00e9grant un ciment \u00e9cologique pour une r\u00e9alisation unique.","breadcrumb":{"@id":"https:\/\/cygnebeton.com\/en\/products\/kitchen-counters\/#breadcrumb"},"inLanguage":"en-US","potentialAction":[{"@type":"ReadAction","target":["https:\/\/cygnebeton.com\/en\/products\/kitchen-counters\/"]}]},{"@type":"BreadcrumbList","@id":"https:\/\/cygnebeton.com\/en\/products\/kitchen-counters\/#breadcrumb","itemListElement":[{"@type":"ListItem","position":1,"name":"Accueil","item":"https:\/\/cygnebeton.com\/en\/home\/"},{"@type":"ListItem","position":2,"name":"CUSTOM-MADE","item":"https:\/\/cygnebeton.com\/en\/products\/"},{"@type":"ListItem","position":3,"name":"Kitchen counters"}]},{"@type":"WebSite","@id":"https:\/\/cygnebeton.com\/#website","url":"https:\/\/cygnebeton.com\/","name":"Cygne B\u00e9ton","description":"[wpml_language language=&quot;en&quot;]Naturally elegant[\/wpml_language]  [wpml_language language=&quot;fr&quot;]Naturellement \u00e9l\u00e9gant1 [\/wpml_language]","potentialAction":[{"@type":"SearchAction","target":{"@type":"EntryPoint","urlTemplate":"https:\/\/cygnebeton.com\/?s={search_term_string}"},"query-input":{"@type":"PropertyValueSpecification","valueRequired":true,"valueName":"search_term_string"}}],"inLanguage":"en-US"}]}},"_links":{"self":[{"href":"https:\/\/cygnebeton.com\/en\/wp-json\/wp\/v2\/pages\/1231","targetHints":{"allow":["GET"]}}],"collection":[{"href":"https:\/\/cygnebeton.com\/en\/wp-json\/wp\/v2\/pages"}],"about":[{"href":"https:\/\/cygnebeton.com\/en\/wp-json\/wp\/v2\/types\/page"}],"author":[{"embeddable":true,"href":"https:\/\/cygnebeton.com\/en\/wp-json\/wp\/v2\/users\/1"}],"replies":[{"embeddable":true,"href":"https:\/\/cygnebeton.com\/en\/wp-json\/wp\/v2\/comments?post=1231"}],"version-history":[{"count":3,"href":"https:\/\/cygnebeton.com\/en\/wp-json\/wp\/v2\/pages\/1231\/revisions"}],"predecessor-version":[{"id":1278,"href":"https:\/\/cygnebeton.com\/en\/wp-json\/wp\/v2\/pages\/1231\/revisions\/1278"}],"up":[{"embeddable":true,"href":"https:\/\/cygnebeton.com\/en\/wp-json\/wp\/v2\/pages\/1228"}],"wp:attachment":[{"href":"https:\/\/cygnebeton.com\/en\/wp-json\/wp\/v2\/media?parent=1231"}],"curies":[{"name":"wp","href":"https:\/\/api.w.org\/{rel}","templated":true}]}}