{"id":1228,"date":"2017-08-08T16:48:15","date_gmt":"2017-08-08T15:48:15","guid":{"rendered":"http:\/\/cygnebeton.com\/produits\/"},"modified":"2021-11-09T17:45:04","modified_gmt":"2021-11-09T16:45:04","slug":"products","status":"publish","type":"page","link":"https:\/\/cygnebeton.com\/en\/products\/","title":{"rendered":"CUSTOM-MADE"},"content":{"rendered":"<div class=\"wpb-content-wrapper\"><p>[vc_row][vc_column width=&#8221;2\/3&#8243;][vc_row_inner][vc_column_inner]<div tabindex=\"0\" class=\"ult-new-ib ult-ib-effect-style5  ult-ib-resp ult-ib2-min-height \" data-min-width=\"768\" data-max-width=\"900\" style=\"background:#404040; opacity:0; \" data-opacity=\"1\" data-hover-opacity=\"0.2\"  data-min-height=\"400\" ><img decoding=\"async\" class=\"ult-new-ib-img\" style=\"opacity:1;\" alt=\"null\" src=\"https:\/\/cygnebeton.com\/wp-content\/uploads\/2021\/03\/spacious-modern-kitchen-PG2GZKH_Retouche-scaled.jpg\"  data-min-height=\"400\"   \/><div id=\"interactive-banner-wrap-9050\" class=\"ult-new-ib-desc\" style=\"background:#f2f2f2;\"><h2 class=\"ult-new-ib-title ult-responsive\"  data-ultimate-target='#interactive-banner-wrap-9050 .ult-new-ib-title'  data-responsive-json-new='{\"font-size\":\"desktop:22px;\",\"line-height\":\"desktop:24px;\"}'  style=\"font-weight:normal;color:#000000;\">Kitchen counters<\/h2><div class=\"ult-new-ib-content ult-responsive\"  data-ultimate-target='#interactive-banner-wrap-9050 .ult-new-ib-content'  data-responsive-json-new='{\"font-size\":\"desktop:14px;\",\"line-height\":\"desktop:20px;\"}'  style=\"font-weight:normal;color:#ffffff;\"><p>We manufacture creative concrete kitchen countertops. Elegant and refined, they highlight the beauty of this natural material, with attention to detail that will make all the difference with a granite or quartz countertop.<\/p><\/div><\/div><a class=\"ult-new-ib-link\" href=\"http:\/\/cygnebeton.com\/products\/kitchen-counters\/?lang=en\"  ><\/a><\/div>[\/vc_column_inner][\/vc_row_inner][vc_row_inner equal_height=&#8221;yes&#8221;][vc_column_inner width=&#8221;2\/3&#8243;]<div tabindex=\"0\" class=\"ult-new-ib ult-ib-effect-style5  ult-ib-resp ult-ib2-min-height \" data-min-width=\"768\" data-max-width=\"900\" style=\"background:#404040; opacity:0; \" data-opacity=\"1\" data-hover-opacity=\"0.1\"  data-min-height=\"300\" ><img decoding=\"async\" class=\"ult-new-ib-img\" style=\"opacity:1;\" alt=\"null\" src=\"https:\/\/cygnebeton.com\/wp-content\/uploads\/2018\/09\/bigstock-199648396-1.jpg\"  data-min-height=\"300\"   \/><div id=\"interactive-banner-wrap-2650\" class=\"ult-new-ib-desc\" style=\"background:#f2f2f2;\"><h2 class=\"ult-new-ib-title ult-responsive\"  data-ultimate-target='#interactive-banner-wrap-2650 .ult-new-ib-title'  data-responsive-json-new='{\"font-size\":\"desktop:22px;\",\"line-height\":\"desktop:24px;\"}'  style=\"font-weight:normal;color:#000000;\">Furniture<\/h2><div class=\"ult-new-ib-content ult-responsive\"  data-ultimate-target='#interactive-banner-wrap-2650 .ult-new-ib-content'  data-responsive-json-new='{\"font-size\":\"desktop:14px;\",\"line-height\":\"desktop:20px;\"}'  style=\"font-weight:normal;color:#ffffff;\"><p>In association with Quebec craftsmen, we create concrete furniture with a contemporary and trendy design. They will charm you with their unique aesthetic, their ability to be personalized and their durability through time.<\/p><\/div><\/div><a class=\"ult-new-ib-link\" href=\"http:\/\/cygnebeton.com\/office-and-home-furniture\/?lang=en\"  ><\/a><\/div>[\/vc_column_inner][vc_column_inner width=&#8221;1\/3&#8243;]<div tabindex=\"0\" class=\"ult-new-ib ult-ib-effect-style5  ult-ib-resp ult-ib2-min-height \" data-min-width=\"768\" data-max-width=\"900\" style=\"background:#404040; opacity:0; \" data-opacity=\"1\" data-hover-opacity=\"0.1\"  data-min-height=\"300\" ><img decoding=\"async\" class=\"ult-new-ib-img\" style=\"opacity:1;\" alt=\"null\" src=\"https:\/\/cygnebeton.com\/wp-content\/uploads\/2018\/09\/Shower-195334069-2.jpg\"  data-min-height=\"300\"   \/><div id=\"interactive-banner-wrap-8567\" class=\"ult-new-ib-desc\" style=\"background:#f2f2f2;\"><h2 class=\"ult-new-ib-title ult-responsive\"  data-ultimate-target='#interactive-banner-wrap-8567 .ult-new-ib-title'  data-responsive-json-new='{\"font-size\":\"desktop:22px;\",\"line-height\":\"desktop:24px;\"}'  style=\"font-weight:normal;color:#000000;\">Showers, vanities and sinks<\/h2><div class=\"ult-new-ib-content ult-responsive\"  data-ultimate-target='#interactive-banner-wrap-8567 .ult-new-ib-content'  data-responsive-json-new='{\"font-size\":\"desktop:14px;\",\"line-height\":\"desktop:20px;\"}'  style=\"font-weight:normal;color:#ffffff;\"><p>We design concrete furniture for the bathroom. This material offers infinite possibilities, adapting to your room and creating an inspiring setting conducive to a moment of rest and relaxation for oneself.<\/p><\/div><\/div><a class=\"ult-new-ib-link\" href=\"http:\/\/cygnebeton.com\/products\/showers-vanities-and-sinks\/?lang=en\"  ><\/a><\/div>[\/vc_column_inner][\/vc_row_inner][\/vc_column][vc_column width=&#8221;1\/3&#8243;][vc_custom_heading text=&#8221;Custom concrete furniture&#8221; font_container=&#8221;tag:h1|text_align:left&#8221; use_theme_fonts=&#8221;yes&#8221;][vc_separator color=&#8221;custom&#8221; align=&#8221;align_left&#8221; border_width=&#8221;4&#8243; el_width=&#8221;10&#8243; accent_color=&#8221;#fec902&#8243;][vc_column_text]<\/p>\n<h4><a href=\"http:\/\/cygnebeton.com\/about-us\/?lang=en\">Cygne B\u00e9ton<\/a> specializes in the design of kitchen and vanity countertops, shower bases, wash basins and furniture. Highly versatile, this natural, ecological and sustainable material offers the advantage of meeting the needs of designers, in terms of shape, but also of rendering. The possibilities are many&#160;: color, insertion of natural elements (glass, stones, etc.), creation of light effects &#8230; Our deep knowledge of concrete and our desire to surpass ourselves lead us to be at the forefront in design industry. Entrust us your projects, we will know how to create unique works&#160;!<\/h4>\n<p>[\/vc_column_text][\/vc_column][\/vc_row]<\/p>\n<\/div>","protected":false},"excerpt":{"rendered":"<p>[vc_row][vc_column width=&#8221;2\/3&#8243;][vc_row_inner][vc_column_inner][\/vc_column_inner][\/vc_row_inner][vc_row_inner equal_height=&#8221;yes&#8221;][vc_column_inner width=&#8221;2\/3&#8243;][\/vc_column_inner][vc_column_inner width=&#8221;1\/3&#8243;][\/vc_column_inner][\/vc_row_inner][\/vc_column][vc_column width=&#8221;1\/3&#8243;][vc_custom_heading text=&#8221;Custom concrete furniture&#8221; font_container=&#8221;tag:h1|text_align:left&#8221; use_theme_fonts=&#8221;yes&#8221;][vc_separator color=&#8221;custom&#8221; align=&#8221;align_left&#8221; border_width=&#8221;4&#8243; el_width=&#8221;10&#8243; accent_color=&#8221;#fec902&#8243;][vc_column_text] Cygne B\u00e9ton specializes in the design of kitchen and vanity countertops, shower bases, wash basins and furniture. Highly versatile, this natural, ecological and sustainable material offers the advantage of meeting the needs of designers, in terms of shape, but&hellip;<\/p>\n","protected":false},"author":1,"featured_media":0,"parent":0,"menu_order":0,"comment_status":"closed","ping_status":"closed","template":"","meta":{"_monsterinsights_skip_tracking":false,"_monsterinsights_sitenote_active":false,"_monsterinsights_sitenote_note":"","_monsterinsights_sitenote_category":0,"footnotes":""},"class_list":["post-1228","page","type-page","status-publish","hentry","description-off"],"yoast_head":"<!-- This site is optimized with the Yoast SEO plugin v27.4 - https:\/\/yoast.com\/product\/yoast-seo-wordpress\/ -->\n<title>CYGNE B\u00c9TON I Comptoir de cuisine Vanit\u00e9 Base de douche Lavabo<\/title>\n<meta name=\"description\" content=\"Cygne B\u00e9ton con\u00e7oit des comptoirs de cuisine et de vanit\u00e9, des bases de douche, des lavabos et des meubles en b\u00e9ton.\" \/>\n<meta name=\"robots\" content=\"index, follow, max-snippet:-1, max-image-preview:large, max-video-preview:-1\" \/>\n<link rel=\"canonical\" href=\"https:\/\/cygnebeton.com\/en\/products\/\" \/>\n<meta property=\"og:locale\" content=\"en_US\" \/>\n<meta property=\"og:type\" content=\"article\" \/>\n<meta property=\"og:title\" content=\"CYGNE B\u00c9TON I Comptoir de cuisine Vanit\u00e9 Base de douche Lavabo\" \/>\n<meta property=\"og:description\" content=\"Cygne B\u00e9ton con\u00e7oit des comptoirs de cuisine et de vanit\u00e9, des bases de douche, des lavabos et des meubles en b\u00e9ton.\" \/>\n<meta property=\"og:url\" content=\"https:\/\/cygnebeton.com\/en\/products\/\" \/>\n<meta property=\"og:site_name\" content=\"Cygne B\u00e9ton\" \/>\n<meta property=\"article:modified_time\" content=\"2021-11-09T16:45:04+00:00\" \/>\n<meta name=\"twitter:card\" content=\"summary_large_image\" \/>\n<meta name=\"twitter:label1\" content=\"Est. reading time\" \/>\n\t<meta name=\"twitter:data1\" content=\"2 minutes\" \/>\n<script type=\"application\/ld+json\" class=\"yoast-schema-graph\">{\"@context\":\"https:\\\/\\\/schema.org\",\"@graph\":[{\"@type\":\"WebPage\",\"@id\":\"https:\\\/\\\/cygnebeton.com\\\/en\\\/products\\\/\",\"url\":\"https:\\\/\\\/cygnebeton.com\\\/en\\\/products\\\/\",\"name\":\"CYGNE B\u00c9TON I Comptoir de cuisine Vanit\u00e9 Base de douche Lavabo\",\"isPartOf\":{\"@id\":\"https:\\\/\\\/cygnebeton.com\\\/#website\"},\"datePublished\":\"2017-08-08T15:48:15+00:00\",\"dateModified\":\"2021-11-09T16:45:04+00:00\",\"description\":\"Cygne B\u00e9ton con\u00e7oit des comptoirs de cuisine et de vanit\u00e9, des bases de douche, des lavabos et des meubles en b\u00e9ton.\",\"breadcrumb\":{\"@id\":\"https:\\\/\\\/cygnebeton.com\\\/en\\\/products\\\/#breadcrumb\"},\"inLanguage\":\"en-US\",\"potentialAction\":[{\"@type\":\"ReadAction\",\"target\":[\"https:\\\/\\\/cygnebeton.com\\\/en\\\/products\\\/\"]}]},{\"@type\":\"BreadcrumbList\",\"@id\":\"https:\\\/\\\/cygnebeton.com\\\/en\\\/products\\\/#breadcrumb\",\"itemListElement\":[{\"@type\":\"ListItem\",\"position\":1,\"name\":\"Accueil\",\"item\":\"https:\\\/\\\/cygnebeton.com\\\/en\\\/home\\\/\"},{\"@type\":\"ListItem\",\"position\":2,\"name\":\"CUSTOM-MADE\"}]},{\"@type\":\"WebSite\",\"@id\":\"https:\\\/\\\/cygnebeton.com\\\/#website\",\"url\":\"https:\\\/\\\/cygnebeton.com\\\/\",\"name\":\"Cygne B\u00e9ton\",\"description\":\"[wpml_language language=&quot;en&quot;]Naturally elegant[\\\/wpml_language]  [wpml_language language=&quot;fr&quot;]Naturellement \u00e9l\u00e9gant1 [\\\/wpml_language]\",\"potentialAction\":[{\"@type\":\"SearchAction\",\"target\":{\"@type\":\"EntryPoint\",\"urlTemplate\":\"https:\\\/\\\/cygnebeton.com\\\/?s={search_term_string}\"},\"query-input\":{\"@type\":\"PropertyValueSpecification\",\"valueRequired\":true,\"valueName\":\"search_term_string\"}}],\"inLanguage\":\"en-US\"}]}<\/script>\n<!-- \/ Yoast SEO plugin. -->","yoast_head_json":{"title":"CYGNE B\u00c9TON I Comptoir de cuisine Vanit\u00e9 Base de douche Lavabo","description":"Cygne B\u00e9ton con\u00e7oit des comptoirs de cuisine et de vanit\u00e9, des bases de douche, des lavabos et des meubles en b\u00e9ton.","robots":{"index":"index","follow":"follow","max-snippet":"max-snippet:-1","max-image-preview":"max-image-preview:large","max-video-preview":"max-video-preview:-1"},"canonical":"https:\/\/cygnebeton.com\/en\/products\/","og_locale":"en_US","og_type":"article","og_title":"CYGNE B\u00c9TON I Comptoir de cuisine Vanit\u00e9 Base de douche Lavabo","og_description":"Cygne B\u00e9ton con\u00e7oit des comptoirs de cuisine et de vanit\u00e9, des bases de douche, des lavabos et des meubles en b\u00e9ton.","og_url":"https:\/\/cygnebeton.com\/en\/products\/","og_site_name":"Cygne B\u00e9ton","article_modified_time":"2021-11-09T16:45:04+00:00","twitter_card":"summary_large_image","twitter_misc":{"Est. reading time":"2 minutes"},"schema":{"@context":"https:\/\/schema.org","@graph":[{"@type":"WebPage","@id":"https:\/\/cygnebeton.com\/en\/products\/","url":"https:\/\/cygnebeton.com\/en\/products\/","name":"CYGNE B\u00c9TON I Comptoir de cuisine Vanit\u00e9 Base de douche Lavabo","isPartOf":{"@id":"https:\/\/cygnebeton.com\/#website"},"datePublished":"2017-08-08T15:48:15+00:00","dateModified":"2021-11-09T16:45:04+00:00","description":"Cygne B\u00e9ton con\u00e7oit des comptoirs de cuisine et de vanit\u00e9, des bases de douche, des lavabos et des meubles en b\u00e9ton.","breadcrumb":{"@id":"https:\/\/cygnebeton.com\/en\/products\/#breadcrumb"},"inLanguage":"en-US","potentialAction":[{"@type":"ReadAction","target":["https:\/\/cygnebeton.com\/en\/products\/"]}]},{"@type":"BreadcrumbList","@id":"https:\/\/cygnebeton.com\/en\/products\/#breadcrumb","itemListElement":[{"@type":"ListItem","position":1,"name":"Accueil","item":"https:\/\/cygnebeton.com\/en\/home\/"},{"@type":"ListItem","position":2,"name":"CUSTOM-MADE"}]},{"@type":"WebSite","@id":"https:\/\/cygnebeton.com\/#website","url":"https:\/\/cygnebeton.com\/","name":"Cygne B\u00e9ton","description":"[wpml_language language=&quot;en&quot;]Naturally elegant[\/wpml_language]  [wpml_language language=&quot;fr&quot;]Naturellement \u00e9l\u00e9gant1 [\/wpml_language]","potentialAction":[{"@type":"SearchAction","target":{"@type":"EntryPoint","urlTemplate":"https:\/\/cygnebeton.com\/?s={search_term_string}"},"query-input":{"@type":"PropertyValueSpecification","valueRequired":true,"valueName":"search_term_string"}}],"inLanguage":"en-US"}]}},"_links":{"self":[{"href":"https:\/\/cygnebeton.com\/en\/wp-json\/wp\/v2\/pages\/1228","targetHints":{"allow":["GET"]}}],"collection":[{"href":"https:\/\/cygnebeton.com\/en\/wp-json\/wp\/v2\/pages"}],"about":[{"href":"https:\/\/cygnebeton.com\/en\/wp-json\/wp\/v2\/types\/page"}],"author":[{"embeddable":true,"href":"https:\/\/cygnebeton.com\/en\/wp-json\/wp\/v2\/users\/1"}],"replies":[{"embeddable":true,"href":"https:\/\/cygnebeton.com\/en\/wp-json\/wp\/v2\/comments?post=1228"}],"version-history":[{"count":5,"href":"https:\/\/cygnebeton.com\/en\/wp-json\/wp\/v2\/pages\/1228\/revisions"}],"predecessor-version":[{"id":2691,"href":"https:\/\/cygnebeton.com\/en\/wp-json\/wp\/v2\/pages\/1228\/revisions\/2691"}],"wp:attachment":[{"href":"https:\/\/cygnebeton.com\/en\/wp-json\/wp\/v2\/media?parent=1228"}],"curies":[{"name":"wp","href":"https:\/\/api.w.org\/{rel}","templated":true}]}}