{"id":1225,"date":"2017-08-08T17:02:17","date_gmt":"2017-08-08T16:02:17","guid":{"rendered":"http:\/\/cygnebeton.com\/meubles-de-bureau-et-maison\/"},"modified":"2018-11-06T19:45:22","modified_gmt":"2018-11-06T18:45:22","slug":"office-and-home-furniture","status":"publish","type":"page","link":"https:\/\/cygnebeton.com\/en\/products\/office-and-home-furniture\/","title":{"rendered":"Office and home furniture"},"content":{"rendered":"<div class=\"wpb-content-wrapper\"><p>[vc_row][vc_column][vc_custom_heading text=&#8221;Office furniture and concrete house&#8221; font_container=&#8221;tag:h1|text_align:left&#8221; use_theme_fonts=&#8221;yes&#8221;][vc_separator color=&#8221;custom&#8221; align=&#8221;align_left&#8221; border_width=&#8221;4&#8243; el_width=&#8221;10&#8243; accent_color=&#8221;#fec902&#8243;][vc_column_text]<\/p>\n<h4>Thanks to its versatility, concrete makes it possible to realize your most original creative ideas through unique pieces of furniture that stand out not only for their durability, but also for their refinement, their worked aesthetics and their trendy and contemporary design. Whether for the office, the house, the terrace or the garden, our \u00a0<a href=\"http:\/\/cygnebeton.com\/about-us\/?lang=en\">team<\/a> formats your projects by offering <a href=\"http:\/\/cygnebeton.com\/services\/?lang=en\">services<\/a> for the design and manufacture of interior furniture and outside. Concrete offers several possibilities for customization, including complementary materials, natural elements, image reproductions or light effects.<\/h4>\n<p>[\/vc_column_text][vc_empty_space][\/vc_column][\/vc_row][vc_row][vc_column width=&#8221;1\/3&#8243;][vc_custom_heading text=&#8221;Concrete office furniture&#8221; use_theme_fonts=&#8221;yes&#8221;][vc_column_text]<span lang=\"EN-US\">The brand image of a company touches all aspects, not just promotional tools. Developing an interior in its own image contributes to strengthening its positioning with its clientele. Concrete offers endless possibilities to create custom office furniture, whether for a desk table, a conference table, a shelf, a storage &#8230; For example, the logo or specific messages can be reproduced on the surface of a table.<\/span>[\/vc_column_text][\/vc_column][vc_column width=&#8221;1\/2&#8243;][vc_single_image image=&#8221;957&#8243; img_size=&#8221;full&#8221;][\/vc_column][\/vc_row][vc_row][vc_column width=&#8221;1\/2&#8243;][vc_single_image image=&#8221;1012&#8243; img_size=&#8221;full&#8221;][\/vc_column][vc_column width=&#8221;1\/3&#8243;][vc_custom_heading text=&#8221;Concrete house furniture&#8221; use_theme_fonts=&#8221;yes&#8221;][vc_column_text]Sometimes what&#8217;s missing inside a house is a distinctive piece of furniture. Raw and uncluttered, concrete blends perfectly with materials such as wood, stone, stainless steel and recycled glass. It will also be possible to create movement effects by modeling hollow or relief patterns, but also to integrate natural elements &#8211; like shells &#8211; and to make plays of light. We will work in collaboration with Quebec craftsmen to carry out your project.[\/vc_column_text][\/vc_column][\/vc_row][vc_row][vc_column width=&#8221;1\/3&#8243;][vc_custom_heading text=&#8221;Concrete outdoor furniture&#8221; use_theme_fonts=&#8221;yes&#8221;][vc_column_text]Durable and solid, concrete offers a very interesting alternative for garden furniture in a country where the harsh climate requires quality outdoor furniture that will withstand the weather. Concrete meets this constraint, in addition to developing original furniture. Whether for benches, chairs, tables, fireplaces, pots of flowers &#8230;, concrete has no limit that of your imagination.[\/vc_column_text][\/vc_column][vc_column width=&#8221;1\/2&#8243;][vc_single_image image=&#8221;956&#8243; img_size=&#8221;full&#8221;][\/vc_column][\/vc_row][vc_row equal_height=&#8221;yes&#8221; content_placement=&#8221;middle&#8221;][vc_column width=&#8221;1\/4&#8243;][vc_single_image image=&#8221;185&#8243; img_size=&#8221;full&#8221; style=&#8221;vc_box_circle_2&#8243;][\/vc_column][vc_column width=&#8221;3\/4&#8243;][vc_column_text]<em>I like the customizable side of concrete that makes it possible to create unique furniture, whether for the home, the office or the garden. In a living room, the marriage of wood with concrete or stainless steel will make a creative coffee table. In the office, where we spend a lot of our time, why not have a conference table where the company logo is integrated, which will help strengthen the brand image. And for the outdoors, I have a crush on concrete flower pots&#160;! <\/em>[\/vc_column_text][\/vc_column][\/vc_row]<\/p>\n<\/div>","protected":false},"excerpt":{"rendered":"<p>[vc_row][vc_column][vc_custom_heading text=&#8221;Office furniture and concrete house&#8221; font_container=&#8221;tag:h1|text_align:left&#8221; use_theme_fonts=&#8221;yes&#8221;][vc_separator color=&#8221;custom&#8221; align=&#8221;align_left&#8221; border_width=&#8221;4&#8243; el_width=&#8221;10&#8243; accent_color=&#8221;#fec902&#8243;][vc_column_text] Thanks to its versatility, concrete makes it possible to realize your most original creative ideas through unique pieces of furniture that stand out not only for their durability, but also for their refinement, their worked aesthetics and their trendy and contemporary design.&hellip;<\/p>\n","protected":false},"author":1,"featured_media":0,"parent":1228,"menu_order":0,"comment_status":"closed","ping_status":"closed","template":"","meta":{"_monsterinsights_skip_tracking":false,"_monsterinsights_sitenote_active":false,"_monsterinsights_sitenote_note":"","_monsterinsights_sitenote_category":0,"footnotes":""},"class_list":["post-1225","page","type-page","status-publish","hentry","description-off"],"yoast_head":"<!-- This site is optimized with the Yoast SEO plugin v27.4 - https:\/\/yoast.com\/product\/yoast-seo-wordpress\/ -->\n<title>CYGNE B\u00c9TON I Mobilier de bureau Meuble b\u00e9ton Mobilier de jardin<\/title>\n<meta name=\"description\" content=\"Cygne B\u00e9ton r\u00e9alise sur mesure du mobilier de bureau, des meubles pour la maison et du mobilier de jardin en b\u00e9ton personnalis\u00e9s qui r\u00e9sistent au temps.\" \/>\n<meta name=\"robots\" content=\"index, follow, max-snippet:-1, max-image-preview:large, max-video-preview:-1\" \/>\n<link rel=\"canonical\" href=\"https:\/\/cygnebeton.com\/en\/products\/office-and-home-furniture\/\" \/>\n<meta property=\"og:locale\" content=\"en_US\" \/>\n<meta property=\"og:type\" content=\"article\" \/>\n<meta property=\"og:title\" content=\"CYGNE B\u00c9TON I Mobilier de bureau Meuble b\u00e9ton Mobilier de jardin\" \/>\n<meta property=\"og:description\" content=\"Cygne B\u00e9ton r\u00e9alise sur mesure du mobilier de bureau, des meubles pour la maison et du mobilier de jardin en b\u00e9ton personnalis\u00e9s qui r\u00e9sistent au temps.\" \/>\n<meta property=\"og:url\" content=\"https:\/\/cygnebeton.com\/en\/products\/office-and-home-furniture\/\" \/>\n<meta property=\"og:site_name\" content=\"Cygne B\u00e9ton\" \/>\n<meta property=\"article:modified_time\" content=\"2018-11-06T18:45:22+00:00\" \/>\n<meta name=\"twitter:card\" content=\"summary_large_image\" \/>\n<meta name=\"twitter:label1\" content=\"Est. reading time\" \/>\n\t<meta name=\"twitter:data1\" content=\"3 minutes\" \/>\n<script type=\"application\/ld+json\" class=\"yoast-schema-graph\">{\"@context\":\"https:\\\/\\\/schema.org\",\"@graph\":[{\"@type\":\"WebPage\",\"@id\":\"https:\\\/\\\/cygnebeton.com\\\/en\\\/products\\\/office-and-home-furniture\\\/\",\"url\":\"https:\\\/\\\/cygnebeton.com\\\/en\\\/products\\\/office-and-home-furniture\\\/\",\"name\":\"CYGNE B\u00c9TON I Mobilier de bureau Meuble b\u00e9ton Mobilier de jardin\",\"isPartOf\":{\"@id\":\"https:\\\/\\\/cygnebeton.com\\\/#website\"},\"datePublished\":\"2017-08-08T16:02:17+00:00\",\"dateModified\":\"2018-11-06T18:45:22+00:00\",\"description\":\"Cygne B\u00e9ton r\u00e9alise sur mesure du mobilier de bureau, des meubles pour la maison et du mobilier de jardin en b\u00e9ton personnalis\u00e9s qui r\u00e9sistent au temps.\",\"breadcrumb\":{\"@id\":\"https:\\\/\\\/cygnebeton.com\\\/en\\\/products\\\/office-and-home-furniture\\\/#breadcrumb\"},\"inLanguage\":\"en-US\",\"potentialAction\":[{\"@type\":\"ReadAction\",\"target\":[\"https:\\\/\\\/cygnebeton.com\\\/en\\\/products\\\/office-and-home-furniture\\\/\"]}]},{\"@type\":\"BreadcrumbList\",\"@id\":\"https:\\\/\\\/cygnebeton.com\\\/en\\\/products\\\/office-and-home-furniture\\\/#breadcrumb\",\"itemListElement\":[{\"@type\":\"ListItem\",\"position\":1,\"name\":\"Accueil\",\"item\":\"https:\\\/\\\/cygnebeton.com\\\/en\\\/home\\\/\"},{\"@type\":\"ListItem\",\"position\":2,\"name\":\"CUSTOM-MADE\",\"item\":\"https:\\\/\\\/cygnebeton.com\\\/en\\\/products\\\/\"},{\"@type\":\"ListItem\",\"position\":3,\"name\":\"Office and home furniture\"}]},{\"@type\":\"WebSite\",\"@id\":\"https:\\\/\\\/cygnebeton.com\\\/#website\",\"url\":\"https:\\\/\\\/cygnebeton.com\\\/\",\"name\":\"Cygne B\u00e9ton\",\"description\":\"[wpml_language language=&quot;en&quot;]Naturally elegant[\\\/wpml_language]  [wpml_language language=&quot;fr&quot;]Naturellement \u00e9l\u00e9gant1 [\\\/wpml_language]\",\"potentialAction\":[{\"@type\":\"SearchAction\",\"target\":{\"@type\":\"EntryPoint\",\"urlTemplate\":\"https:\\\/\\\/cygnebeton.com\\\/?s={search_term_string}\"},\"query-input\":{\"@type\":\"PropertyValueSpecification\",\"valueRequired\":true,\"valueName\":\"search_term_string\"}}],\"inLanguage\":\"en-US\"}]}<\/script>\n<!-- \/ Yoast SEO plugin. -->","yoast_head_json":{"title":"CYGNE B\u00c9TON I Mobilier de bureau Meuble b\u00e9ton Mobilier de jardin","description":"Cygne B\u00e9ton r\u00e9alise sur mesure du mobilier de bureau, des meubles pour la maison et du mobilier de jardin en b\u00e9ton personnalis\u00e9s qui r\u00e9sistent au temps.","robots":{"index":"index","follow":"follow","max-snippet":"max-snippet:-1","max-image-preview":"max-image-preview:large","max-video-preview":"max-video-preview:-1"},"canonical":"https:\/\/cygnebeton.com\/en\/products\/office-and-home-furniture\/","og_locale":"en_US","og_type":"article","og_title":"CYGNE B\u00c9TON I Mobilier de bureau Meuble b\u00e9ton Mobilier de jardin","og_description":"Cygne B\u00e9ton r\u00e9alise sur mesure du mobilier de bureau, des meubles pour la maison et du mobilier de jardin en b\u00e9ton personnalis\u00e9s qui r\u00e9sistent au temps.","og_url":"https:\/\/cygnebeton.com\/en\/products\/office-and-home-furniture\/","og_site_name":"Cygne B\u00e9ton","article_modified_time":"2018-11-06T18:45:22+00:00","twitter_card":"summary_large_image","twitter_misc":{"Est. reading time":"3 minutes"},"schema":{"@context":"https:\/\/schema.org","@graph":[{"@type":"WebPage","@id":"https:\/\/cygnebeton.com\/en\/products\/office-and-home-furniture\/","url":"https:\/\/cygnebeton.com\/en\/products\/office-and-home-furniture\/","name":"CYGNE B\u00c9TON I Mobilier de bureau Meuble b\u00e9ton Mobilier de jardin","isPartOf":{"@id":"https:\/\/cygnebeton.com\/#website"},"datePublished":"2017-08-08T16:02:17+00:00","dateModified":"2018-11-06T18:45:22+00:00","description":"Cygne B\u00e9ton r\u00e9alise sur mesure du mobilier de bureau, des meubles pour la maison et du mobilier de jardin en b\u00e9ton personnalis\u00e9s qui r\u00e9sistent au temps.","breadcrumb":{"@id":"https:\/\/cygnebeton.com\/en\/products\/office-and-home-furniture\/#breadcrumb"},"inLanguage":"en-US","potentialAction":[{"@type":"ReadAction","target":["https:\/\/cygnebeton.com\/en\/products\/office-and-home-furniture\/"]}]},{"@type":"BreadcrumbList","@id":"https:\/\/cygnebeton.com\/en\/products\/office-and-home-furniture\/#breadcrumb","itemListElement":[{"@type":"ListItem","position":1,"name":"Accueil","item":"https:\/\/cygnebeton.com\/en\/home\/"},{"@type":"ListItem","position":2,"name":"CUSTOM-MADE","item":"https:\/\/cygnebeton.com\/en\/products\/"},{"@type":"ListItem","position":3,"name":"Office and home furniture"}]},{"@type":"WebSite","@id":"https:\/\/cygnebeton.com\/#website","url":"https:\/\/cygnebeton.com\/","name":"Cygne B\u00e9ton","description":"[wpml_language language=&quot;en&quot;]Naturally elegant[\/wpml_language]  [wpml_language language=&quot;fr&quot;]Naturellement \u00e9l\u00e9gant1 [\/wpml_language]","potentialAction":[{"@type":"SearchAction","target":{"@type":"EntryPoint","urlTemplate":"https:\/\/cygnebeton.com\/?s={search_term_string}"},"query-input":{"@type":"PropertyValueSpecification","valueRequired":true,"valueName":"search_term_string"}}],"inLanguage":"en-US"}]}},"_links":{"self":[{"href":"https:\/\/cygnebeton.com\/en\/wp-json\/wp\/v2\/pages\/1225","targetHints":{"allow":["GET"]}}],"collection":[{"href":"https:\/\/cygnebeton.com\/en\/wp-json\/wp\/v2\/pages"}],"about":[{"href":"https:\/\/cygnebeton.com\/en\/wp-json\/wp\/v2\/types\/page"}],"author":[{"embeddable":true,"href":"https:\/\/cygnebeton.com\/en\/wp-json\/wp\/v2\/users\/1"}],"replies":[{"embeddable":true,"href":"https:\/\/cygnebeton.com\/en\/wp-json\/wp\/v2\/comments?post=1225"}],"version-history":[{"count":3,"href":"https:\/\/cygnebeton.com\/en\/wp-json\/wp\/v2\/pages\/1225\/revisions"}],"predecessor-version":[{"id":1284,"href":"https:\/\/cygnebeton.com\/en\/wp-json\/wp\/v2\/pages\/1225\/revisions\/1284"}],"up":[{"embeddable":true,"href":"https:\/\/cygnebeton.com\/en\/wp-json\/wp\/v2\/pages\/1228"}],"wp:attachment":[{"href":"https:\/\/cygnebeton.com\/en\/wp-json\/wp\/v2\/media?parent=1225"}],"curies":[{"name":"wp","href":"https:\/\/api.w.org\/{rel}","templated":true}]}}