{"id":1211,"date":"2017-08-08T16:57:22","date_gmt":"2017-08-08T15:57:22","guid":{"rendered":"http:\/\/cygnebeton.com\/contact\/"},"modified":"2018-11-06T21:58:42","modified_gmt":"2018-11-06T20:58:42","slug":"contact","status":"publish","type":"page","link":"https:\/\/cygnebeton.com\/en\/contact\/","title":{"rendered":"CONTACT"},"content":{"rendered":"<div class=\"wpb-content-wrapper\"><p>[vc_row][vc_column width=&#8221;1\/2&#8243;][vc_custom_heading text=&#8221;Manufacturer of concrete furniture in the greater Montr\u00e9al region&#8221; font_container=&#8221;tag:h1|text_align:left&#8221; use_theme_fonts=&#8221;yes&#8221;][vc_separator color=&#8221;custom&#8221; align=&#8221;align_left&#8221; border_width=&#8221;4&#8243; el_width=&#8221;10&#8243; accent_color=&#8221;#fec902&#8243;][vc_column_text]<\/p>\n<h4>We assist you in the design and manufacture of your concrete furniture whether for the kitchen, the bathroom, the office or the garden, but also for any other original creation. We operate in the greater Montreal area and in the Laurentians.<\/h4>\n<p>[\/vc_column_text][vc_column_text]<\/p>\n<p style=\"font-size: 20px;\">Contact Cygne B\u00e9ton<br \/>\n1 888 500-2580<br \/>\n<a href=\"mailto:info@cygnebeton.com\">info@cygnebeton.com<\/a><\/p>\n<p>[\/vc_column_text][vc_empty_space][\/vc_column][vc_column width=&#8221;1\/2&#8243;][vc_single_image image=&#8221;1100&#8243; img_size=&#8221;full&#8221;][\/vc_column][\/vc_row][vc_row css=&#8221;.vc_custom_1514484817459{margin-bottom: 60px !important;}&#8221;][vc_column]\n<div class=\"wpcf7 no-js\" id=\"wpcf7-f1303-o1\" lang=\"fr-CA\" dir=\"ltr\" data-wpcf7-id=\"1303\">\n<div class=\"screen-reader-response\"><p role=\"status\" aria-live=\"polite\" aria-atomic=\"true\"><\/p> <ul><\/ul><\/div>\n<form action=\"\/en\/wp-json\/wp\/v2\/pages\/1211#wpcf7-f1303-o1\" method=\"post\" class=\"wpcf7-form init\" aria-label=\"Contact form\" novalidate=\"novalidate\" data-status=\"init\">\n<fieldset class=\"hidden-fields-container\"><input type=\"hidden\" name=\"_wpcf7\" value=\"1303\" \/><input type=\"hidden\" name=\"_wpcf7_version\" value=\"6.1.5\" \/><input type=\"hidden\" name=\"_wpcf7_locale\" value=\"fr_CA\" \/><input type=\"hidden\" name=\"_wpcf7_unit_tag\" value=\"wpcf7-f1303-o1\" \/><input type=\"hidden\" name=\"_wpcf7_container_post\" value=\"0\" \/><input type=\"hidden\" name=\"_wpcf7_posted_data_hash\" value=\"\" \/><input type=\"hidden\" name=\"_wpcf7_recaptcha_response\" value=\"\" \/>\n<\/fieldset>\n<p><label> First name*<br \/>\n<span class=\"wpcf7-form-control-wrap\" data-name=\"first-name\"><input size=\"40\" maxlength=\"400\" class=\"wpcf7-form-control wpcf7-text wpcf7-validates-as-required\" aria-required=\"true\" aria-invalid=\"false\" value=\"\" type=\"text\" name=\"first-name\" \/><\/span> <\/label>\n<\/p>\n<p><label> Name*<br \/>\n<span class=\"wpcf7-form-control-wrap\" data-name=\"your-name\"><input size=\"40\" maxlength=\"400\" class=\"wpcf7-form-control wpcf7-text wpcf7-validates-as-required\" aria-required=\"true\" aria-invalid=\"false\" value=\"\" type=\"text\" name=\"your-name\" \/><\/span> <\/label>\n<\/p>\n<p><label> Business<br \/>\n<span class=\"wpcf7-form-control-wrap\" data-name=\"business\"><input size=\"40\" maxlength=\"400\" class=\"wpcf7-form-control wpcf7-text\" aria-invalid=\"false\" value=\"\" type=\"text\" name=\"business\" \/><\/span> <\/label>\n<\/p>\n<p><label> Email*<br \/>\n<span class=\"wpcf7-form-control-wrap\" data-name=\"your-email\"><input size=\"40\" maxlength=\"400\" class=\"wpcf7-form-control wpcf7-email wpcf7-validates-as-required wpcf7-text wpcf7-validates-as-email\" aria-required=\"true\" aria-invalid=\"false\" value=\"\" type=\"email\" name=\"your-email\" \/><\/span> <\/label>\n<\/p>\n<p><label> Message*<br \/>\n<span class=\"wpcf7-form-control-wrap\" data-name=\"your-message\"><textarea cols=\"40\" rows=\"10\" maxlength=\"2000\" class=\"wpcf7-form-control wpcf7-textarea\" aria-invalid=\"false\" name=\"your-message\"><\/textarea><\/span> <\/label>\n<\/p>\n<p><input class=\"wpcf7-form-control wpcf7-submit has-spinner\" type=\"submit\" value=\"Send\" \/>\n<\/p>\n<p>* Required fields\n<\/p><div class=\"wpcf7-response-output\" aria-hidden=\"true\"><\/div>\n<\/form>\n<\/div>\n[\/vc_column][\/vc_row]<\/p>\n<\/div>","protected":false},"excerpt":{"rendered":"<p>[vc_row][vc_column width=&#8221;1\/2&#8243;][vc_custom_heading text=&#8221;Manufacturer of concrete furniture in the greater Montr\u00e9al region&#8221; font_container=&#8221;tag:h1|text_align:left&#8221; use_theme_fonts=&#8221;yes&#8221;][vc_separator color=&#8221;custom&#8221; align=&#8221;align_left&#8221; border_width=&#8221;4&#8243; el_width=&#8221;10&#8243; accent_color=&#8221;#fec902&#8243;][vc_column_text] We assist you in the design and manufacture of your concrete furniture whether for the kitchen, the bathroom, the office or the garden, but also for any other original creation. We operate in the greater Montreal area&hellip;<\/p>\n","protected":false},"author":1,"featured_media":0,"parent":0,"menu_order":0,"comment_status":"closed","ping_status":"closed","template":"","meta":{"_monsterinsights_skip_tracking":false,"_monsterinsights_sitenote_active":false,"_monsterinsights_sitenote_note":"","_monsterinsights_sitenote_category":0,"footnotes":""},"class_list":["post-1211","page","type-page","status-publish","hentry","description-off"],"yoast_head":"<!-- This site is optimized with the Yoast SEO plugin v27.4 - https:\/\/yoast.com\/product\/yoast-seo-wordpress\/ -->\n<title>Meubles en b\u00e9ton Montr\u00e9al Laurentides Cygne B\u00e9ton Contact<\/title>\n<meta name=\"description\" content=\"Cygne B\u00e9ton con\u00e7oit et fabrique des meubles en b\u00e9ton pour la cuisine, la salle de bain, le bureau, le jardin, mais aussi pour toute autre cr\u00e9ation originale dans la grande r\u00e9gion de Montr\u00e9al et dans les Laurentides.\" \/>\n<meta name=\"robots\" content=\"index, follow, max-snippet:-1, max-image-preview:large, max-video-preview:-1\" \/>\n<link rel=\"canonical\" href=\"https:\/\/cygnebeton.com\/en\/contact\/\" \/>\n<meta property=\"og:locale\" content=\"en_US\" \/>\n<meta property=\"og:type\" content=\"article\" \/>\n<meta property=\"og:title\" content=\"Meubles en b\u00e9ton Montr\u00e9al Laurentides Cygne B\u00e9ton Contact\" \/>\n<meta property=\"og:description\" content=\"Cygne B\u00e9ton con\u00e7oit et fabrique des meubles en b\u00e9ton pour la cuisine, la salle de bain, le bureau, le jardin, mais aussi pour toute autre cr\u00e9ation originale dans la grande r\u00e9gion de Montr\u00e9al et dans les Laurentides.\" \/>\n<meta property=\"og:url\" content=\"https:\/\/cygnebeton.com\/en\/contact\/\" \/>\n<meta property=\"og:site_name\" content=\"Cygne B\u00e9ton\" \/>\n<meta property=\"article:modified_time\" content=\"2018-11-06T20:58:42+00:00\" \/>\n<meta name=\"twitter:card\" content=\"summary_large_image\" \/>\n<meta name=\"twitter:label1\" content=\"Est. reading time\" \/>\n\t<meta name=\"twitter:data1\" content=\"1 minute\" \/>\n<script type=\"application\/ld+json\" class=\"yoast-schema-graph\">{\"@context\":\"https:\\\/\\\/schema.org\",\"@graph\":[{\"@type\":\"WebPage\",\"@id\":\"https:\\\/\\\/cygnebeton.com\\\/en\\\/contact\\\/\",\"url\":\"https:\\\/\\\/cygnebeton.com\\\/en\\\/contact\\\/\",\"name\":\"Meubles en b\u00e9ton Montr\u00e9al Laurentides Cygne B\u00e9ton Contact\",\"isPartOf\":{\"@id\":\"https:\\\/\\\/cygnebeton.com\\\/#website\"},\"datePublished\":\"2017-08-08T15:57:22+00:00\",\"dateModified\":\"2018-11-06T20:58:42+00:00\",\"description\":\"Cygne B\u00e9ton con\u00e7oit et fabrique des meubles en b\u00e9ton pour la cuisine, la salle de bain, le bureau, le jardin, mais aussi pour toute autre cr\u00e9ation originale dans la grande r\u00e9gion de Montr\u00e9al et dans les Laurentides.\",\"breadcrumb\":{\"@id\":\"https:\\\/\\\/cygnebeton.com\\\/en\\\/contact\\\/#breadcrumb\"},\"inLanguage\":\"en-US\",\"potentialAction\":[{\"@type\":\"ReadAction\",\"target\":[\"https:\\\/\\\/cygnebeton.com\\\/en\\\/contact\\\/\"]}]},{\"@type\":\"BreadcrumbList\",\"@id\":\"https:\\\/\\\/cygnebeton.com\\\/en\\\/contact\\\/#breadcrumb\",\"itemListElement\":[{\"@type\":\"ListItem\",\"position\":1,\"name\":\"Accueil\",\"item\":\"https:\\\/\\\/cygnebeton.com\\\/en\\\/home\\\/\"},{\"@type\":\"ListItem\",\"position\":2,\"name\":\"CONTACT\"}]},{\"@type\":\"WebSite\",\"@id\":\"https:\\\/\\\/cygnebeton.com\\\/#website\",\"url\":\"https:\\\/\\\/cygnebeton.com\\\/\",\"name\":\"Cygne B\u00e9ton\",\"description\":\"[wpml_language language=&quot;en&quot;]Naturally elegant[\\\/wpml_language]  [wpml_language language=&quot;fr&quot;]Naturellement \u00e9l\u00e9gant1 [\\\/wpml_language]\",\"potentialAction\":[{\"@type\":\"SearchAction\",\"target\":{\"@type\":\"EntryPoint\",\"urlTemplate\":\"https:\\\/\\\/cygnebeton.com\\\/?s={search_term_string}\"},\"query-input\":{\"@type\":\"PropertyValueSpecification\",\"valueRequired\":true,\"valueName\":\"search_term_string\"}}],\"inLanguage\":\"en-US\"}]}<\/script>\n<!-- \/ Yoast SEO plugin. -->","yoast_head_json":{"title":"Meubles en b\u00e9ton Montr\u00e9al Laurentides Cygne B\u00e9ton Contact","description":"Cygne B\u00e9ton con\u00e7oit et fabrique des meubles en b\u00e9ton pour la cuisine, la salle de bain, le bureau, le jardin, mais aussi pour toute autre cr\u00e9ation originale dans la grande r\u00e9gion de Montr\u00e9al et dans les Laurentides.","robots":{"index":"index","follow":"follow","max-snippet":"max-snippet:-1","max-image-preview":"max-image-preview:large","max-video-preview":"max-video-preview:-1"},"canonical":"https:\/\/cygnebeton.com\/en\/contact\/","og_locale":"en_US","og_type":"article","og_title":"Meubles en b\u00e9ton Montr\u00e9al Laurentides Cygne B\u00e9ton Contact","og_description":"Cygne B\u00e9ton con\u00e7oit et fabrique des meubles en b\u00e9ton pour la cuisine, la salle de bain, le bureau, le jardin, mais aussi pour toute autre cr\u00e9ation originale dans la grande r\u00e9gion de Montr\u00e9al et dans les Laurentides.","og_url":"https:\/\/cygnebeton.com\/en\/contact\/","og_site_name":"Cygne B\u00e9ton","article_modified_time":"2018-11-06T20:58:42+00:00","twitter_card":"summary_large_image","twitter_misc":{"Est. reading time":"1 minute"},"schema":{"@context":"https:\/\/schema.org","@graph":[{"@type":"WebPage","@id":"https:\/\/cygnebeton.com\/en\/contact\/","url":"https:\/\/cygnebeton.com\/en\/contact\/","name":"Meubles en b\u00e9ton Montr\u00e9al Laurentides Cygne B\u00e9ton Contact","isPartOf":{"@id":"https:\/\/cygnebeton.com\/#website"},"datePublished":"2017-08-08T15:57:22+00:00","dateModified":"2018-11-06T20:58:42+00:00","description":"Cygne B\u00e9ton con\u00e7oit et fabrique des meubles en b\u00e9ton pour la cuisine, la salle de bain, le bureau, le jardin, mais aussi pour toute autre cr\u00e9ation originale dans la grande r\u00e9gion de Montr\u00e9al et dans les Laurentides.","breadcrumb":{"@id":"https:\/\/cygnebeton.com\/en\/contact\/#breadcrumb"},"inLanguage":"en-US","potentialAction":[{"@type":"ReadAction","target":["https:\/\/cygnebeton.com\/en\/contact\/"]}]},{"@type":"BreadcrumbList","@id":"https:\/\/cygnebeton.com\/en\/contact\/#breadcrumb","itemListElement":[{"@type":"ListItem","position":1,"name":"Accueil","item":"https:\/\/cygnebeton.com\/en\/home\/"},{"@type":"ListItem","position":2,"name":"CONTACT"}]},{"@type":"WebSite","@id":"https:\/\/cygnebeton.com\/#website","url":"https:\/\/cygnebeton.com\/","name":"Cygne B\u00e9ton","description":"[wpml_language language=&quot;en&quot;]Naturally elegant[\/wpml_language]  [wpml_language language=&quot;fr&quot;]Naturellement \u00e9l\u00e9gant1 [\/wpml_language]","potentialAction":[{"@type":"SearchAction","target":{"@type":"EntryPoint","urlTemplate":"https:\/\/cygnebeton.com\/?s={search_term_string}"},"query-input":{"@type":"PropertyValueSpecification","valueRequired":true,"valueName":"search_term_string"}}],"inLanguage":"en-US"}]}},"_links":{"self":[{"href":"https:\/\/cygnebeton.com\/en\/wp-json\/wp\/v2\/pages\/1211","targetHints":{"allow":["GET"]}}],"collection":[{"href":"https:\/\/cygnebeton.com\/en\/wp-json\/wp\/v2\/pages"}],"about":[{"href":"https:\/\/cygnebeton.com\/en\/wp-json\/wp\/v2\/types\/page"}],"author":[{"embeddable":true,"href":"https:\/\/cygnebeton.com\/en\/wp-json\/wp\/v2\/users\/1"}],"replies":[{"embeddable":true,"href":"https:\/\/cygnebeton.com\/en\/wp-json\/wp\/v2\/comments?post=1211"}],"version-history":[{"count":4,"href":"https:\/\/cygnebeton.com\/en\/wp-json\/wp\/v2\/pages\/1211\/revisions"}],"predecessor-version":[{"id":1301,"href":"https:\/\/cygnebeton.com\/en\/wp-json\/wp\/v2\/pages\/1211\/revisions\/1301"}],"wp:attachment":[{"href":"https:\/\/cygnebeton.com\/en\/wp-json\/wp\/v2\/media?parent=1211"}],"curies":[{"name":"wp","href":"https:\/\/api.w.org\/{rel}","templated":true}]}}