{"id":1202,"date":"2017-08-08T16:51:09","date_gmt":"2017-08-08T15:51:09","guid":{"rendered":"http:\/\/cygnebeton.com\/a-propos\/"},"modified":"2021-04-27T23:21:34","modified_gmt":"2021-04-27T22:21:34","slug":"about-us","status":"publish","type":"page","link":"https:\/\/cygnebeton.com\/en\/about-us\/","title":{"rendered":"ABOUT US"},"content":{"rendered":"<div class=\"wpb-content-wrapper\"><p>[vc_row][vc_column width=&#8221;2\/3&#8243;][vc_custom_heading text=&#8221;A Quebec family business dedicated to concrete&#8221; font_container=&#8221;tag:h1|text_align:left&#8221; use_theme_fonts=&#8221;yes&#8221;][vc_separator color=&#8221;custom&#8221; align=&#8221;align_left&#8221; border_width=&#8221;4&#8243; el_width=&#8221;10&#8243; accent_color=&#8221;#fec902&#8243;][vc_column_text]<\/p>\n<h4>Specialized in the design and manufacture of concrete furniture, Cygne B\u00e9ton is distinguished by its passion for design combined with an increased expertise in concrete. Falling in love with this versatile natural material, our company wants to be a true ambassador for decorative concrete. At the cutting edge of research, our craftsmen are constantly pushing the limits of this material composed of natural resources in Quebec by offering <a href=\"http:\/\/cygnebeton.com\/products\/?lang=en\">products<\/a> personalized and avant-garde of superior quality.<\/h4>\n<p>[\/vc_column_text][vc_empty_space][vc_custom_heading text=&#8221;History&#8221; use_theme_fonts=&#8221;yes&#8221;][vc_column_text]Cygne B\u00e9ton was created in May 2016. The company was founded by Judive Jean-Gilles, Fran\u00e7ois Jean-Gilles and Barth\u00e9l\u00e9my Legros, amateurs for art and design who are keen to introducing the elegance of concrete and its versatility. By analogy to the swan that grows magnificent feathers, the name of the company translates the transformation of a raw material into an elegant and refined result in contact with the elements&#160;: the earth, water and air. The founders studied the composition of concrete and the recipes from a prestigious American school, \u00a0<a href=\"http:\/\/www.concretecountertopinstitute.com\/about-us\/\">The Concrete Countertop Institute<\/a>, which they benefit from the knowledge -to do everyday, having access to experts in furniture manufacturing, concrete craftsmen and American engineers who have more than 20 years of experience in the field. Research is at the heart of their approach to perfect their expertise in the development of innovative creative products.<\/p>\n<p>Cygne B\u00e9ton is the winner of the 2<sup>nd<\/sup> edition of OSE Laval 2017, in the category Coup de Coeur student creator of a company, already leaving its mark in the world of design.[\/vc_column_text][vc_custom_heading text=&#8221;Mission&#8221; use_theme_fonts=&#8221;yes&#8221;][vc_column_text]<span lang=\"EN-US\">The mission of Cygne B\u00e9ton is to design and manufacture unique pieces of concrete furniture that emphasize the elegance of this versatile natural material.<\/span>[\/vc_column_text][vc_custom_heading text=&#8221;Values&#8221; use_theme_fonts=&#8221;yes&#8221;][vc_column_text]These values are important for CYGNE B\u00c9TON&#160;:<\/p>\n<ul>\n<li><strong>Creativity&#160;:<\/strong> custom furniture design&#160;; partnerships with local artisans for trendy creations combining concrete with other materials (wood, glass &#8230;)&#160;; realization of unique works.<\/li>\n<li><strong>Quality&#160;:<\/strong> training with experts in the design industry&#160;; employment of skilled labor&#160;; rigorous site management&#160;; tests and quality control&#160;; after sales service with 1 year warranty.<\/li>\n<li><strong>Loyalty&#160;:<\/strong> personalized support&#160;; constant monitoring during the project&#160;; developing a relationship of trust&#160;; control of customer satisfaction.<\/li>\n<li><strong>Ecology&#160;:<\/strong> Ecology&#160;: use of eco-responsible materials&#160;; replacement of 20&#160;% of the cement with recycled glass in the recipe (<a href=\"http:\/\/www.verrox.ca\/\">Verrox<\/a>)&#160;; strength and durability of concrete&#160;; recyclable resource available in Quebec.<\/li>\n<li><strong>Innovation&#160;:<\/strong> integration of a research and development component to develop ever more efficient concrete manufacturing processes and avant-garde products.<\/li>\n<\/ul>\n<p>[\/vc_column_text][vc_custom_heading text=&#8221;Vision&#8221; use_theme_fonts=&#8221;yes&#8221;][vc_column_text]Cygne B\u00e9ton wants to be at the forefront of the furniture manufacturing industry by becoming the reference in Quebec in the design and manufacture of concrete furniture.[\/vc_column_text][\/vc_column][vc_column width=&#8221;1\/3&#8243;][vc_row_inner][vc_column_inner][vc_single_image image=&#8221;26&#8243; img_size=&#8221;full&#8221; style=&#8221;vc_box_rounded&#8221;][vc_column_text]The founders of Cygne B\u00e9ton have developed unique recipes for handcrafted concrete furniture, such as kitchen and vanity countertops, shower bases and sinks.[\/vc_column_text][\/vc_column_inner][\/vc_row_inner][vc_separator][vc_row_inner][vc_column_inner][vc_single_image image=&#8221;1022&#8243; img_size=&#8221;full&#8221; style=&#8221;vc_box_rounded&#8221;][vc_column_text]Concrete offers the advantage of being produced from Quebec&#8217;s natural resources. It stands out for its many strengths, including being a durable, beautiful and customizable material.[\/vc_column_text][\/vc_column_inner][\/vc_row_inner][vc_separator][\/vc_column][\/vc_row][vc_row][vc_column width=&#8221;2\/3&#8243;][vc_custom_heading text=&#8221;Team&#8221; use_theme_fonts=&#8221;yes&#8221;][vc_column_text]Our company can count on a competent team which accumulates several years of experience, each member in his respective fields of expertise and complementary.[\/vc_column_text][vc_row_inner equal_height=&#8221;yes&#8221;][vc_column_inner][vc_column_text]<strong>JUDIVE JEAN-GILLES<\/strong><br \/>\n<span style=\"color: #999999;\">PRESIDENT AND MANAGER<\/span><\/p>\n<p>With more than fifteen years of experience in commercial management, trained in design and professional singer, Judive Jean-Gilles combines her management and creativity skills within the Cygne B\u00e9ton which she is behind.[\/vc_column_text][\/vc_column_inner][vc_column_inner][vc_column_text]<strong>FRAN\u00c7OIS JEAN-GILLES<\/strong><br \/>\n<span style=\"color: #999999;\">CRAFTSMAN \/ TECHNICAL EXPERT<\/span><\/p>\n<p>Entrepreneur in construction, Fran\u00e7ois Jean-Gilles stands out for his ingenuity and creativity. Having completed courses in civil engineering, he has a solid knowledge of concrete which leads him to supervise research and development activities.[\/vc_column_text][\/vc_column_inner][\/vc_row_inner][vc_row_inner equal_height=&#8221;yes&#8221;][vc_column_inner][vc_column_text]<span style=\"color: #999999;\">DESIGNERS \/ ARTISANS<\/span><\/p>\n<p>Our interior designers realize concrete furniture plans from your ideas, proposing original solutions. There are also precious allies in the execution of our projects, from fabrication in the workshop to installation on site.[\/vc_column_text][\/vc_column_inner][vc_column_inner][vc_column_text]<span style=\"color: #999999;\">PROJECT MANAGERS<\/span><\/p>\n<p>Project managers assist the management by carrying out all the follow-up tasks and thus, enabling an efficient service for your greater satisfaction.[\/vc_column_text][\/vc_column_inner][\/vc_row_inner][\/vc_column][vc_column width=&#8221;1\/3&#8243;][vc_single_image image=&#8221;1041&#8243; img_size=&#8221;full&#8221;][\/vc_column][\/vc_row][vc_row][vc_column width=&#8221;2\/3&#8243;][vc_custom_heading text=&#8221;Partners&#8221; use_theme_fonts=&#8221;yes&#8221;][vc_column_text]Cygne B\u00e9ton relies on efficient and creative partners who do a remarkable job of translating the essence of our company and contributing to its reputation.[\/vc_column_text][vc_row_inner equal_height=&#8221;yes&#8221; content_placement=&#8221;middle&#8221;][vc_column_inner width=&#8221;1\/3&#8243;][vc_single_image image=&#8221;664&#8243; img_size=&#8221;full&#8221; alignment=&#8221;center&#8221; el_class=&#8221;hover_jaune&#8221;][\/vc_column_inner][vc_column_inner width=&#8221;2\/3&#8243;][vc_column_text]Specialized contractor with more than 40 years of experience in the renovation and construction fields, R\u00c9NO-SOLO is distinguished by a meticulous work and attention to detail that makes the difference during the installation on site of the achievements of Cygne B\u00e9ton.[\/vc_column_text][\/vc_column_inner][\/vc_row_inner][vc_row_inner equal_height=&#8221;yes&#8221; content_placement=&#8221;middle&#8221;][vc_column_inner width=&#8221;1\/3&#8243;][vc_single_image image=&#8221;932&#8243; img_size=&#8221;full&#8221; alignment=&#8221;center&#8221; onclick=&#8221;custom_link&#8221; img_link_target=&#8221;_blank&#8221; link=&#8221;https:\/\/www.maryska.ca&#8221;][\/vc_column_inner][vc_column_inner width=&#8221;2\/3&#8243;][vc_column_text]Through its artistic touch, MARYSKA.CA participates in the development Cygne B\u00e9ton and its products by creating unique and distinctive customized images, whether for its visual identity, its website or other communication media.[\/vc_column_text][\/vc_column_inner][\/vc_row_inner][vc_row_inner equal_height=&#8221;yes&#8221; content_placement=&#8221;middle&#8221;][vc_column_inner width=&#8221;1\/3&#8243;][vc_single_image image=&#8221;211&#8243; img_size=&#8221;full&#8221; alignment=&#8221;center&#8221; onclick=&#8221;custom_link&#8221; img_link_target=&#8221;_blank&#8221; link=&#8221;https:\/\/ca.linkedin.com\/in\/atmacommunication&#8221;][\/vc_column_inner][vc_column_inner width=&#8221;2\/3&#8243;][vc_column_text]\u00c2TMA COMMUNICATION adopts a global and strategic look for developing coherent and congruent communication tools in order to strengthen the reputation of Cygne B\u00e9ton, whether at the level of the Web, social networks or written communications.[\/vc_column_text][\/vc_column_inner][\/vc_row_inner][vc_row_inner equal_height=&#8221;yes&#8221; content_placement=&#8221;middle&#8221;][vc_column_inner width=&#8221;1\/3&#8243;][vc_single_image image=&#8221;829&#8243; img_size=&#8221;full&#8221; alignment=&#8221;center&#8221; onclick=&#8221;custom_link&#8221; img_link_target=&#8221;_blank&#8221; link=&#8221;http:\/\/www.fpphotographe.com&#8221;][\/vc_column_inner][vc_column_inner width=&#8221;2\/3&#8243;][vc_column_text]FRAN\u00c7OIS PARENT PHOTOGRAPHE puts his artistic talent to work for the benefit of Cygne B\u00e9ton through images with a refined aesthetic. Having a perfect mastery of the photographic tool, the company realizes images that are real works of art.[\/vc_column_text][\/vc_column_inner][\/vc_row_inner][\/vc_column][vc_column width=&#8221;1\/3&#8243;][\/vc_column][\/vc_row]<\/p>\n<\/div>","protected":false},"excerpt":{"rendered":"<p>[vc_row][vc_column width=&#8221;2\/3&#8243;][vc_custom_heading text=&#8221;A Quebec family business dedicated to concrete&#8221; font_container=&#8221;tag:h1|text_align:left&#8221; use_theme_fonts=&#8221;yes&#8221;][vc_separator color=&#8221;custom&#8221; align=&#8221;align_left&#8221; border_width=&#8221;4&#8243; el_width=&#8221;10&#8243; accent_color=&#8221;#fec902&#8243;][vc_column_text] Specialized in the design and manufacture of concrete furniture, Cygne B\u00e9ton is distinguished by its passion for design combined with an increased expertise in concrete. Falling in love with this versatile natural material, our company wants to be a&hellip;<\/p>\n","protected":false},"author":1,"featured_media":0,"parent":0,"menu_order":0,"comment_status":"closed","ping_status":"closed","template":"","meta":{"_monsterinsights_skip_tracking":false,"_monsterinsights_sitenote_active":false,"_monsterinsights_sitenote_note":"","_monsterinsights_sitenote_category":0,"footnotes":""},"class_list":["post-1202","page","type-page","status-publish","hentry","description-off"],"yoast_head":"<!-- This site is optimized with the Yoast SEO plugin v27.4 - https:\/\/yoast.com\/product\/yoast-seo-wordpress\/ -->\n<title>Cygne B\u00e9ton Entreprise qu\u00e9b\u00e9coise Meubles b\u00e9ton Judive Jean-Gilles<\/title>\n<meta name=\"description\" content=\"Judive Jean-Gilles est \u00e0 la t\u00eate de Cygne B\u00e9ton, une entreprise qu\u00e9b\u00e9coise qui se d\u00e9marque dans la fabrication de meubles en b\u00e9ton.\" \/>\n<meta name=\"robots\" content=\"index, follow, max-snippet:-1, max-image-preview:large, max-video-preview:-1\" \/>\n<link rel=\"canonical\" href=\"https:\/\/cygnebeton.com\/en\/about-us\/\" \/>\n<meta property=\"og:locale\" content=\"en_US\" \/>\n<meta property=\"og:type\" content=\"article\" \/>\n<meta property=\"og:title\" content=\"Cygne B\u00e9ton Entreprise qu\u00e9b\u00e9coise Meubles b\u00e9ton Judive Jean-Gilles\" \/>\n<meta property=\"og:description\" content=\"Judive Jean-Gilles est \u00e0 la t\u00eate de Cygne B\u00e9ton, une entreprise qu\u00e9b\u00e9coise qui se d\u00e9marque dans la fabrication de meubles en b\u00e9ton.\" \/>\n<meta property=\"og:url\" content=\"https:\/\/cygnebeton.com\/en\/about-us\/\" \/>\n<meta property=\"og:site_name\" content=\"Cygne B\u00e9ton\" \/>\n<meta property=\"article:modified_time\" content=\"2021-04-27T22:21:34+00:00\" \/>\n<meta name=\"twitter:card\" content=\"summary_large_image\" \/>\n<meta name=\"twitter:label1\" content=\"Est. reading time\" \/>\n\t<meta name=\"twitter:data1\" content=\"7 minutes\" \/>\n<script type=\"application\/ld+json\" class=\"yoast-schema-graph\">{\"@context\":\"https:\\\/\\\/schema.org\",\"@graph\":[{\"@type\":\"WebPage\",\"@id\":\"https:\\\/\\\/cygnebeton.com\\\/en\\\/about-us\\\/\",\"url\":\"https:\\\/\\\/cygnebeton.com\\\/en\\\/about-us\\\/\",\"name\":\"Cygne B\u00e9ton Entreprise qu\u00e9b\u00e9coise Meubles b\u00e9ton Judive Jean-Gilles\",\"isPartOf\":{\"@id\":\"https:\\\/\\\/cygnebeton.com\\\/#website\"},\"datePublished\":\"2017-08-08T15:51:09+00:00\",\"dateModified\":\"2021-04-27T22:21:34+00:00\",\"description\":\"Judive Jean-Gilles est \u00e0 la t\u00eate de Cygne B\u00e9ton, une entreprise qu\u00e9b\u00e9coise qui se d\u00e9marque dans la fabrication de meubles en b\u00e9ton.\",\"breadcrumb\":{\"@id\":\"https:\\\/\\\/cygnebeton.com\\\/en\\\/about-us\\\/#breadcrumb\"},\"inLanguage\":\"en-US\",\"potentialAction\":[{\"@type\":\"ReadAction\",\"target\":[\"https:\\\/\\\/cygnebeton.com\\\/en\\\/about-us\\\/\"]}]},{\"@type\":\"BreadcrumbList\",\"@id\":\"https:\\\/\\\/cygnebeton.com\\\/en\\\/about-us\\\/#breadcrumb\",\"itemListElement\":[{\"@type\":\"ListItem\",\"position\":1,\"name\":\"Accueil\",\"item\":\"https:\\\/\\\/cygnebeton.com\\\/en\\\/home\\\/\"},{\"@type\":\"ListItem\",\"position\":2,\"name\":\"ABOUT US\"}]},{\"@type\":\"WebSite\",\"@id\":\"https:\\\/\\\/cygnebeton.com\\\/#website\",\"url\":\"https:\\\/\\\/cygnebeton.com\\\/\",\"name\":\"Cygne B\u00e9ton\",\"description\":\"[wpml_language language=&quot;en&quot;]Naturally elegant[\\\/wpml_language]  [wpml_language language=&quot;fr&quot;]Naturellement \u00e9l\u00e9gant1 [\\\/wpml_language]\",\"potentialAction\":[{\"@type\":\"SearchAction\",\"target\":{\"@type\":\"EntryPoint\",\"urlTemplate\":\"https:\\\/\\\/cygnebeton.com\\\/?s={search_term_string}\"},\"query-input\":{\"@type\":\"PropertyValueSpecification\",\"valueRequired\":true,\"valueName\":\"search_term_string\"}}],\"inLanguage\":\"en-US\"}]}<\/script>\n<!-- \/ Yoast SEO plugin. -->","yoast_head_json":{"title":"Cygne B\u00e9ton Entreprise qu\u00e9b\u00e9coise Meubles b\u00e9ton Judive Jean-Gilles","description":"Judive Jean-Gilles est \u00e0 la t\u00eate de Cygne B\u00e9ton, une entreprise qu\u00e9b\u00e9coise qui se d\u00e9marque dans la fabrication de meubles en b\u00e9ton.","robots":{"index":"index","follow":"follow","max-snippet":"max-snippet:-1","max-image-preview":"max-image-preview:large","max-video-preview":"max-video-preview:-1"},"canonical":"https:\/\/cygnebeton.com\/en\/about-us\/","og_locale":"en_US","og_type":"article","og_title":"Cygne B\u00e9ton Entreprise qu\u00e9b\u00e9coise Meubles b\u00e9ton Judive Jean-Gilles","og_description":"Judive Jean-Gilles est \u00e0 la t\u00eate de Cygne B\u00e9ton, une entreprise qu\u00e9b\u00e9coise qui se d\u00e9marque dans la fabrication de meubles en b\u00e9ton.","og_url":"https:\/\/cygnebeton.com\/en\/about-us\/","og_site_name":"Cygne B\u00e9ton","article_modified_time":"2021-04-27T22:21:34+00:00","twitter_card":"summary_large_image","twitter_misc":{"Est. reading time":"7 minutes"},"schema":{"@context":"https:\/\/schema.org","@graph":[{"@type":"WebPage","@id":"https:\/\/cygnebeton.com\/en\/about-us\/","url":"https:\/\/cygnebeton.com\/en\/about-us\/","name":"Cygne B\u00e9ton Entreprise qu\u00e9b\u00e9coise Meubles b\u00e9ton Judive Jean-Gilles","isPartOf":{"@id":"https:\/\/cygnebeton.com\/#website"},"datePublished":"2017-08-08T15:51:09+00:00","dateModified":"2021-04-27T22:21:34+00:00","description":"Judive Jean-Gilles est \u00e0 la t\u00eate de Cygne B\u00e9ton, une entreprise qu\u00e9b\u00e9coise qui se d\u00e9marque dans la fabrication de meubles en b\u00e9ton.","breadcrumb":{"@id":"https:\/\/cygnebeton.com\/en\/about-us\/#breadcrumb"},"inLanguage":"en-US","potentialAction":[{"@type":"ReadAction","target":["https:\/\/cygnebeton.com\/en\/about-us\/"]}]},{"@type":"BreadcrumbList","@id":"https:\/\/cygnebeton.com\/en\/about-us\/#breadcrumb","itemListElement":[{"@type":"ListItem","position":1,"name":"Accueil","item":"https:\/\/cygnebeton.com\/en\/home\/"},{"@type":"ListItem","position":2,"name":"ABOUT US"}]},{"@type":"WebSite","@id":"https:\/\/cygnebeton.com\/#website","url":"https:\/\/cygnebeton.com\/","name":"Cygne B\u00e9ton","description":"[wpml_language language=&quot;en&quot;]Naturally elegant[\/wpml_language]  [wpml_language language=&quot;fr&quot;]Naturellement \u00e9l\u00e9gant1 [\/wpml_language]","potentialAction":[{"@type":"SearchAction","target":{"@type":"EntryPoint","urlTemplate":"https:\/\/cygnebeton.com\/?s={search_term_string}"},"query-input":{"@type":"PropertyValueSpecification","valueRequired":true,"valueName":"search_term_string"}}],"inLanguage":"en-US"}]}},"_links":{"self":[{"href":"https:\/\/cygnebeton.com\/en\/wp-json\/wp\/v2\/pages\/1202","targetHints":{"allow":["GET"]}}],"collection":[{"href":"https:\/\/cygnebeton.com\/en\/wp-json\/wp\/v2\/pages"}],"about":[{"href":"https:\/\/cygnebeton.com\/en\/wp-json\/wp\/v2\/types\/page"}],"author":[{"embeddable":true,"href":"https:\/\/cygnebeton.com\/en\/wp-json\/wp\/v2\/users\/1"}],"replies":[{"embeddable":true,"href":"https:\/\/cygnebeton.com\/en\/wp-json\/wp\/v2\/comments?post=1202"}],"version-history":[{"count":5,"href":"https:\/\/cygnebeton.com\/en\/wp-json\/wp\/v2\/pages\/1202\/revisions"}],"predecessor-version":[{"id":1351,"href":"https:\/\/cygnebeton.com\/en\/wp-json\/wp\/v2\/pages\/1202\/revisions\/1351"}],"wp:attachment":[{"href":"https:\/\/cygnebeton.com\/en\/wp-json\/wp\/v2\/media?parent=1202"}],"curies":[{"name":"wp","href":"https:\/\/api.w.org\/{rel}","templated":true}]}}